{"id":10724,"date":"2014-10-04T23:01:33","date_gmt":"2014-10-04T23:01:33","guid":{"rendered":"https:\/\/espacodosol.com\/blog\/blog\/?page_id=10724"},"modified":"2014-10-04T23:01:33","modified_gmt":"2014-10-04T23:01:33","slug":"aromaterapia-2","status":"publish","type":"page","link":"https:\/\/espacodosol.com\/blog\/index.php\/aromaterapia-2\/","title":{"rendered":"Aromaterapia"},"content":{"rendered":"<p><img decoding=\"async\" src=\"https:\/\/espacodosol.com\/blog\/crbst_naturopatia.png?v=3h9qfc6l65l6h\" alt=\"\" \/><\/p>\n<h2 class=\"wa-comp wa-text wa-bg-gradient param[grad(rgba(0,0,0,0)) border(0 #969696)]  \"><span style=\"font-size: 12pt;font-family: georgia, palatino\">A aromaterapia pertence ao ramo da fitoterapia e define-se como um ramo da medicina das plantas.<\/span><\/h2>\n<p align=\"left\">\u00c9 a arte de usar os \u00f3leos essenciais na cura.<\/p>\n<div align=\"left\">\n<p style=\"text-align: justify\">\u00c9 a aplica\u00e7\u00e3o dos aromas dos \u00f3leos essenciais e seus efeitos sobre a psicologia humana, com o objetivo de melhorar a qualidade de vida.<\/p>\n<p style=\"text-align: justify\">No Brasil o uso dos \u00f3leos essenciais via oral \u00e9 proibido por lei, por isso podemos us\u00e1-los de outras formas como em cremes, lo\u00e7\u00f5es, sprays, banhos, massagens, e outros.<\/p>\n<p style=\"text-align: justify\">Os \u00f3leos essenciais s\u00e3o obtidos atrav\u00e9s de compress\u00e3o, destila\u00e7\u00e3o de resinas, ra\u00edzes, caules, folhas, flores, sementes, frutos e cascas vegetais.<\/p>\n<p style=\"text-align: justify\">Sua composi\u00e7\u00e3o qu\u00edmica \u00e9 diversificada por isso possuem diversas formas de atuar no organismo.<\/p>\n<p style=\"text-align: justify\" align=\"justify\">Como por exemplo: a lavanda tem o poder cicatrizante, anti-inflamat\u00f3rio, calmante a analg\u00e9sico.<\/p>\n<p style=\"text-align: justify\">Por sua vez os produtos qu\u00edmicos sint\u00e9ticos possuem apenas uma a\u00e7\u00e3o qu\u00edmica. Esses produtos n\u00e3o possuem qualquer energia vital.<\/p>\n<p style=\"text-align: justify\">As subst\u00e2ncias org\u00e2nicas s\u00e3o aquelas encontradas na natureza, como os \u00f3leos essenciais.<\/p>\n<\/div>\n<div style=\"text-align: justify\" align=\"left\">\u00d3leos Essenciais<\/div>\n<p style=\"text-align: justify\"><img decoding=\"async\" class=\"wa-img wa-comp \" src=\"https:\/\/espacodosol.com\/blog\/crbst_oleos_20essenciais_20fig.jpg?v=3h9o146l63x6o\" alt=\"\" \/><\/p>\n<div class=\"wa-comp wa-text wa-bg-gradient param[grad(rgba(0,0,0,0)) border(0 #969696)]  \">\n<p style=\"text-align: justify\" align=\"left\">\u201cEm nosso estudo, adotamos a seguinte defini\u00e7\u00e3o para aromaterapia: \u201c..\u00e9 a pr\u00e1tica terap\u00eautica que se utiliza das propriedades espec\u00edficas dos \u00f3leos essenciais&#8230;\u201d.<\/p>\n<p style=\"text-align: justify\">Muitos pesquisadores e estudiosos da aromaterapia, como Tetrazini, Lavabre, Tisserant, Shirley Price, Sheila Lavery e outros, conceituam os \u00f3leos essenciais como sendo extratos vegetais altamente concentrados, formados a partir de pequenas gotas entre c\u00e9lulas que agem como horm\u00f4nios \u201creguladores\u201d e \u201ccatalisadores\u201d, protegendo as plantas de parasitas e doen\u00e7as.<\/p>\n<p style=\"text-align: justify\">Os \u00f3leos essenciais s\u00e3o obtidos atrav\u00e9s da compress\u00e3o ou destila\u00e7\u00e3o de resinas, ra\u00edzes, caules, folhas, flores, sementes, frutos e cascas de vegetais.<\/p>\n<p style=\"text-align: justify\" align=\"justify\">Sua composi\u00e7\u00e3o qu\u00edmica \u00e9 diversificada, por isso possuem diversas formas de atuar no organismo.<\/p>\n<p style=\"text-align: justify\">Como exemplo, citemos a lavanda que tem poder cicatrizante, anti-inflamat\u00f3rio, calmante e analg\u00e9sico.<\/p>\n<p style=\"text-align: justify\">Por sua vez, os produtos qu\u00edmicos sint\u00e9ticos possuem apenas uma a\u00e7\u00e3o qu\u00edmica.<\/p>\n<p style=\"text-align: justify\" align=\"justify\">Segundo Tisserant \u201cas subst\u00e2ncias sint\u00e9ticas ou inorg\u00e2nicas n\u00e3o cont\u00eam qualquer \u201cenergia vital\u201d: elas n\u00e3o s\u00e3o din\u00e2micas\u201d.<\/p>\n<p style=\"text-align: justify\">As subst\u00e2ncias org\u00e2nicas s\u00e3o aquelas encontradas na natureza, como os \u00f3leos essenciais. \u201dOrg\u00e2nico\u201d tamb\u00e9m significa \u201cestrutural\u201d, \u201calgo que \u00e9 caracterizado pela coordena\u00e7\u00e3o das partes em um todo\u201d.<\/p>\n<p style=\"text-align: justify\" align=\"justify\">A natureza tem uma estrutura que n\u00e3o pode ser duplicada artificialmente. Podemos sintetizar subst\u00e2ncias qu\u00edmicas, mas n\u00e3o podemos estrutur\u00e1-las para fazer alguma coisa org\u00e2nica.\u201d<\/p>\n<\/div>\n<div class='epvc-post-count'><span class='epvc-eye'><\/span>  <span class=\"epvc-count\"> 4.672<\/span><span class='epvc-label'> Views<\/span><\/div>","protected":false},"excerpt":{"rendered":"<p>A aromaterapia pertence ao ramo da fitoterapia e define-se como um ramo da medicina das plantas. \u00c9 a arte de usar os \u00f3leos essenciais na cura. \u00c9 a aplica\u00e7\u00e3o dos aromas dos \u00f3leos essenciais e seus efeitos sobre a psicologia humana, com o objetivo de melhorar a qualidade de vida. No Brasil o uso dos [&hellip;]<\/p>\n","protected":false},"author":1,"featured_media":0,"parent":0,"menu_order":0,"comment_status":"open","ping_status":"open","template":"","meta":{"footnotes":""},"class_list":["post-10724","page","type-page","status-publish","hentry"],"amp_enabled":true,"_links":{"self":[{"href":"https:\/\/espacodosol.com\/blog\/index.php\/wp-json\/wp\/v2\/pages\/10724","targetHints":{"allow":["GET"]}}],"collection":[{"href":"https:\/\/espacodosol.com\/blog\/index.php\/wp-json\/wp\/v2\/pages"}],"about":[{"href":"https:\/\/espacodosol.com\/blog\/index.php\/wp-json\/wp\/v2\/types\/page"}],"author":[{"embeddable":true,"href":"https:\/\/espacodosol.com\/blog\/index.php\/wp-json\/wp\/v2\/users\/1"}],"replies":[{"embeddable":true,"href":"https:\/\/espacodosol.com\/blog\/index.php\/wp-json\/wp\/v2\/comments?post=10724"}],"version-history":[{"count":0,"href":"https:\/\/espacodosol.com\/blog\/index.php\/wp-json\/wp\/v2\/pages\/10724\/revisions"}],"wp:attachment":[{"href":"https:\/\/espacodosol.com\/blog\/index.php\/wp-json\/wp\/v2\/media?parent=10724"}],"curies":[{"name":"wp","href":"https:\/\/api.w.org\/{rel}","templated":true}]}}