{"id":10728,"date":"2014-10-04T23:04:12","date_gmt":"2014-10-04T23:04:12","guid":{"rendered":"https:\/\/espacodosol.com\/blog\/blog\/?page_id=10728"},"modified":"2014-10-04T23:04:12","modified_gmt":"2014-10-04T23:04:12","slug":"cristais","status":"publish","type":"page","link":"https:\/\/espacodosol.com\/blog\/index.php\/cristais\/","title":{"rendered":"Cristais"},"content":{"rendered":"<div><a name=\"anchor-top\"><\/a><\/div>\n<h2><img decoding=\"async\" class=\"wa-img wa-comp \" src=\"https:\/\/espacodosol.com\/blog\/M_C3_A3o_20com_20pedras.jpg?v=2qak9c544n464uw\" alt=\"\" \/><\/h2>\n<div class=\"wa-comp wa-text wa-bg-gradient param[grad(rgba(0,0,0,0)) border(0 #969696)]  \">\n<p style=\"text-align: justify\" align=\"justify\">Os Cristais fazem parte do Reino Mineral, o primeiro reino a aparecer no Universo. Essas pedras t\u00eam um arranjo molecular perfeito e eletromagn\u00e9tico de alta freq\u00fc\u00eancia.<\/p>\n<p style=\"text-align: justify\">S\u00e3o, por isso, capazes de alterar a energia de quem est\u00e1 por perto.<\/p>\n<p style=\"text-align: justify\">Pode-se verificar as qualidades extraordin\u00e1rias dos cristais quando voc\u00ea segura uma pedra, sentindo as resson\u00e2ncias desse mineral.<\/p>\n<p style=\"text-align: justify\">Os Cristais, corpo s\u00f3lido, abundante na natureza, sempre foi conhecido pela sua beleza e poder de cura.<\/p>\n<p style=\"text-align: justify\">Desde os tempos mais remotos, os cristais exercem uma profunda influ\u00eancia nos homens que os t\u00eam sido utilizado na procura do equil\u00edbrio f\u00edsico, vital, emocional, mental e espiritual.<\/p>\n<p style=\"text-align: justify\">Na milenar \u00cdndia os cristais sempre foram usados como adorno, na Medicina Ayurv\u00e9dica e tamb\u00e9m como pedra da sorte e harmoniza\u00e7\u00e3o por indica\u00e7\u00e3o dos astr\u00f3logos na Astrologia V\u00e9dica.<\/p>\n<p style=\"text-align: justify\">Acredita-se tamb\u00e9m que os cristais eram muito utilizado no extinto continente da Atl\u00e2ntida, onde eram ferramentas b\u00e1sicas em todas as \u00e1reas da sociedade, desde constru\u00e7\u00f5es de casas at\u00e9 curas espirituais.<\/p>\n<p style=\"text-align: justify\">Os gregos consideravam os cristais como o terceiro olho da Terra e os romanos utilizavam para os rituais de capta\u00e7\u00e3o de energia do cosmos.<\/p>\n<p style=\"text-align: justify\">\u201cCrystallos\u201d foi o nome que os gregos deram ao quartzo, e significa \u201cgelo claro\u201d.<\/p>\n<p style=\"text-align: justify\">Os povos ind\u00edgenas das Am\u00e9ricas, como os cherokees, navajos, hopis, dentre outros, sempre souberam usar as propriedades curativas dos cristais.<\/p>\n<p style=\"text-align: justify\">Os povos da Amaz\u00f4nia tamb\u00e9m os utilizavam para curas e prote\u00e7\u00e3o das tribos, existindo at\u00e9 uma lenda ind\u00edgena: \u201cA Lenda dos Cristais\u201d.<\/p>\n<\/div>\n<div class=\"wa-comp wa-text wa-bg-gradient param[grad(rgba(0,0,0,0)) border(0 #969696)]  \" style=\"text-align: justify\">\n<h2 align=\"left\">Elixir de Cristais<\/h2>\n<div align=\"left\">\n<div class=\"wa-comp wa-text wa-bg-gradient param[grad(rgba(0,0,0,0)) border(0 #969696)]  \">\n<p align=\"justify\"><img decoding=\"async\" class=\"wa-img wa-comp \" src=\"https:\/\/espacodosol.com\/blog\/DSC03294.jpg?v=2qaog8544n4acrt\" alt=\"\" \/><\/p>\n<p align=\"justify\">O que \u00e9 um Elixir de Cristais<\/p>\n<p>O elixir dos cristais \u00e9 um l\u00edquido preparado feito a partir de uma t\u00e9cnica, que se utiliza das vibra\u00e7\u00f5es eletromagn\u00e9ticas dos cristais transferidas para \u00e1gua mineral.<\/p>\n<p>Neste estado \u00e9 conhecido como elixir matriz.<\/p>\n<p>\u00c9 muito \u00fatil no tratamento de problemas que surgem por causa de pensamentos e emo\u00e7\u00f5es negativas.<\/p>\n<p>Quando usamos o elixir, estas propriedades eletromagn\u00e9ticas s\u00e3o assimiladas pelos Chakras e ent\u00e3o retificam qualquer desequil\u00edbrio.<\/p>\n<p>De imediato o elixir de um cristal recarrega o n\u00edvel de energia.<\/p>\n<p>Cada elixir age em um departamento mental ou psicol\u00f3gico espec\u00edficos, isto \u00e9, o corpo energ\u00e9tico, melhorando a qualidade e a quantidade de energia vital dos departamentos envolvidos no desequil\u00edbrio.<\/p>\n<p>Praticantes da Homeopatia, Reiki, Fitoterapia, Florais, Acupuntura ou Massagem, achar\u00e3o os elixires particularmente \u00fateis, uma vez que os tratamentos se complementam e funcionam muito bem juntos.<\/p>\n<p>Por exemplo, os elixires de cristais s\u00e3o \u00fateis antes ou ap\u00f3s acupuntura.<\/p>\n<p>Em geral utilizam-se dois elixires, um para o meridiano mais superenergizado e outro para o meridiano subenergizado.<\/p>\n<\/div>\n<\/div>\n<\/div>\n<div class='epvc-post-count'><span class='epvc-eye'><\/span>  <span class=\"epvc-count\"> 4.371<\/span><span class='epvc-label'> Views<\/span><\/div>","protected":false},"excerpt":{"rendered":"<p>Os Cristais fazem parte do Reino Mineral, o primeiro reino a aparecer no Universo. Essas pedras t\u00eam um arranjo molecular perfeito e eletromagn\u00e9tico de alta freq\u00fc\u00eancia. S\u00e3o, por isso, capazes de alterar a energia de quem est\u00e1 por perto. Pode-se verificar as qualidades extraordin\u00e1rias dos cristais quando voc\u00ea segura uma pedra, sentindo as resson\u00e2ncias desse [&hellip;]<\/p>\n","protected":false},"author":1,"featured_media":0,"parent":0,"menu_order":0,"comment_status":"open","ping_status":"open","template":"","meta":{"footnotes":""},"class_list":["post-10728","page","type-page","status-publish","hentry"],"amp_enabled":true,"_links":{"self":[{"href":"https:\/\/espacodosol.com\/blog\/index.php\/wp-json\/wp\/v2\/pages\/10728","targetHints":{"allow":["GET"]}}],"collection":[{"href":"https:\/\/espacodosol.com\/blog\/index.php\/wp-json\/wp\/v2\/pages"}],"about":[{"href":"https:\/\/espacodosol.com\/blog\/index.php\/wp-json\/wp\/v2\/types\/page"}],"author":[{"embeddable":true,"href":"https:\/\/espacodosol.com\/blog\/index.php\/wp-json\/wp\/v2\/users\/1"}],"replies":[{"embeddable":true,"href":"https:\/\/espacodosol.com\/blog\/index.php\/wp-json\/wp\/v2\/comments?post=10728"}],"version-history":[{"count":0,"href":"https:\/\/espacodosol.com\/blog\/index.php\/wp-json\/wp\/v2\/pages\/10728\/revisions"}],"wp:attachment":[{"href":"https:\/\/espacodosol.com\/blog\/index.php\/wp-json\/wp\/v2\/media?parent=10728"}],"curies":[{"name":"wp","href":"https:\/\/api.w.org\/{rel}","templated":true}]}}