{"id":10730,"date":"2014-10-04T23:05:03","date_gmt":"2014-10-04T23:05:03","guid":{"rendered":"https:\/\/espacodosol.com\/blog\/blog\/?page_id=10730"},"modified":"2014-10-04T23:05:03","modified_gmt":"2014-10-04T23:05:03","slug":"florais","status":"publish","type":"page","link":"https:\/\/espacodosol.com\/blog\/index.php\/florais\/","title":{"rendered":"Florais"},"content":{"rendered":"<div align=\"justify\"><img loading=\"lazy\" decoding=\"async\" class=\"wa-img wa-comp \" src=\"https:\/\/espacodosol.com\/blog\/crbst_Mao_Florais.jpg?v=26vjw84ku3ebawl\" alt=\"\" width=\"361\" height=\"288\" \/><\/div>\n<div align=\"justify\"><\/div>\n<p style=\"text-align: justify\">\u201cAs ess\u00eancias Florais t\u00eam sua a\u00e7\u00e3o baseada em sua pr\u00f3pria natureza;s\u00e3o padr\u00f5es de consci\u00eancia e\/ou de informa\u00e7\u00e3o que atuam por resson\u00e2ncia vibrat\u00f3ria catalisando processos de transforma\u00e7\u00e3o em nossa consci\u00eancia, nutrindo as for\u00e7as da alma, despertando e ancorando em nossa vida os dons, talentos, virtudes e potenciais latentes em nosso ser espiritual\u201d. (Maria R.D.Grillo &#8211; Florais filhas de Gaia).<\/p>\n<p style=\"text-align: justify\" align=\"justify\">Na \u201cnoite escura da alma\u201d, as ess\u00eancias Florais poder\u00e3o nos ajudar a resgatar a confian\u00e7a de que n\u00e3o h\u00e1 neste universo, for\u00e7a maior que o amor. Poder\u00e3o nos lembrar que somos Amor.<\/p>\n<p style=\"text-align: justify\">Que esta \u00e9 nossa verdadeira natureza, ajudando-nos ent\u00e3o a resgatar a f\u00e9, nosso poder interior e nossa capacidade de transcender aos nossos pr\u00f3prios limites.\u201d(Maria R.D.Grillo &#8211; Florais filhas de Gaia)\u201d<\/p>\n<p>&nbsp;<\/p>\n<h2><strong>Florais de Bach<\/strong><\/h2>\n<div align=\"justify\">\n<p><img loading=\"lazy\" decoding=\"async\" class=\"wa-img wa-comp \" src=\"https:\/\/espacodosol.com\/blog\/crbst_FLORAIS_BACH.jpg?v=26vaww4ku3ebawl\" alt=\"\" width=\"344\" height=\"279\" \/><\/p>\n<div class=\"wa-comp wa-text wa-bg-gradient param[grad(rgba(0,0,0,0)) border(0 #969696)]  \">\n<p align=\"justify\">S\u00e3o Ess\u00eancias Naturais de Belas Flores Silvestres, n\u00e3o venenosas, que nascem em locais de vibra\u00e7\u00f5es especiais, na Inglaterra.<\/p>\n<p>Foram desenvolvidas pelo Dr. Edward Bach nos anos 30.<\/p>\n<p>S\u00e3o 38 Ess\u00eancias + o Rescue Remedy.<\/p>\n<\/div>\n<h2 class=\"wa-comp wa-text wa-bg-gradient param[grad(rgba(0,0,0,0)) border(0 #969696)]  \">\u00a0<strong>Florais de Saint Germain<\/strong><\/h2>\n<\/div>\n<div align=\"justify\">\n<h2><img loading=\"lazy\" decoding=\"async\" class=\"wa-img wa-comp \" src=\"https:\/\/espacodosol.com\/blog\/crbst_FSG.jpg?v=26vfpc4ku3ebawk\" alt=\"\" width=\"338\" height=\"289\" \/><\/h2>\n<div class=\"wa-comp wa-text wa-bg-gradient param[grad(rgba(0,0,0,0)) border(0 #969696)]  \">\n<p align=\"justify\">Em 1990, atrav\u00e9s de Neide Margonari, come\u00e7a a surgir um novo sistema o qual foi chamado de Sistema Floral de Saint Germain, diretor do 7\u00ba raio da era de Aqu\u00e1rio.<\/p>\n<p>A sintoniza\u00e7\u00e3o do floral Sant Germain ocorreu em 1996, no dia 1\u00ba de maio.<\/p>\n<\/div>\n<div class=\"wa-comp wa-text wa-bg-gradient param[grad(rgba(0,0,0,0)) border(0 #969696)]  \">\n<div align=\"left\"><\/div>\n<h2 align=\"left\"><strong>Florais de Minas<\/strong><\/h2>\n<\/div>\n<\/div>\n<div align=\"justify\">\u00a0<img loading=\"lazy\" decoding=\"async\" class=\"wa-img wa-comp \" src=\"https:\/\/espacodosol.com\/blog\/crbst_Florais_20de_20Minas.jpg?v=26vgwg4ku3ebawk\" alt=\"\" width=\"366\" height=\"377\" \/><\/div>\n<div align=\"justify\">\n<div class=\"wa-comp wa-text wa-bg-gradient param[grad(rgba(0,0,0,0)) border(0 #969696)]  \">\n<div align=\"justify\">\n<div class=\"wa-comp wa-text wa-bg-gradient param[grad(rgba(0,0,0,0)) border(0 #969696)]  \">\n<div>\n<p align=\"left\">Fores &#8211; colhidas no campo, em estado silvestre, ou quando cultivadas, retiradas regi\u00f5es Ita\u00fana e Ouro Preto.<\/p>\n<\/div>\n<\/div>\n<p class=\"wa-comp wa-text wa-bg-gradient param[grad(rgba(0,0,0,0)) border(0 #969696)]  \">A cargo Breno e Ednamara, est\u00e3o os procedimentos de pesquisa, gerenciamento e controle rigoroso de qualidade.<\/p>\n<\/div>\n<p>O foco de atua\u00e7\u00e3o das ess\u00eancias est\u00e1 no n\u00edvel mental, atrav\u00e9s da expans\u00e3o dos planos de consci\u00eancia, facilitando o melhor controle sobre o pr\u00f3prio psiquismo e sugerindo uma maior participa\u00e7\u00e3o espont\u00e2nea do \u201ceu\u201d no processo de cura.<\/p>\n<\/div>\n<\/div>\n<div class='epvc-post-count'><span class='epvc-eye'><\/span>  <span class=\"epvc-count\"> 9.279<\/span><span class='epvc-label'> Views<\/span><\/div>","protected":false},"excerpt":{"rendered":"<p>\u201cAs ess\u00eancias Florais t\u00eam sua a\u00e7\u00e3o baseada em sua pr\u00f3pria natureza;s\u00e3o padr\u00f5es de consci\u00eancia e\/ou de informa\u00e7\u00e3o que atuam por resson\u00e2ncia vibrat\u00f3ria catalisando processos de transforma\u00e7\u00e3o em nossa consci\u00eancia, nutrindo as for\u00e7as da alma, despertando e ancorando em nossa vida os dons, talentos, virtudes e potenciais latentes em nosso ser espiritual\u201d. (Maria R.D.Grillo &#8211; Florais [&hellip;]<\/p>\n","protected":false},"author":1,"featured_media":0,"parent":0,"menu_order":0,"comment_status":"open","ping_status":"open","template":"","meta":{"footnotes":""},"class_list":["post-10730","page","type-page","status-publish","hentry"],"amp_enabled":true,"_links":{"self":[{"href":"https:\/\/espacodosol.com\/blog\/index.php\/wp-json\/wp\/v2\/pages\/10730","targetHints":{"allow":["GET"]}}],"collection":[{"href":"https:\/\/espacodosol.com\/blog\/index.php\/wp-json\/wp\/v2\/pages"}],"about":[{"href":"https:\/\/espacodosol.com\/blog\/index.php\/wp-json\/wp\/v2\/types\/page"}],"author":[{"embeddable":true,"href":"https:\/\/espacodosol.com\/blog\/index.php\/wp-json\/wp\/v2\/users\/1"}],"replies":[{"embeddable":true,"href":"https:\/\/espacodosol.com\/blog\/index.php\/wp-json\/wp\/v2\/comments?post=10730"}],"version-history":[{"count":0,"href":"https:\/\/espacodosol.com\/blog\/index.php\/wp-json\/wp\/v2\/pages\/10730\/revisions"}],"wp:attachment":[{"href":"https:\/\/espacodosol.com\/blog\/index.php\/wp-json\/wp\/v2\/media?parent=10730"}],"curies":[{"name":"wp","href":"https:\/\/api.w.org\/{rel}","templated":true}]}}