{"id":10732,"date":"2014-10-04T23:05:34","date_gmt":"2014-10-04T23:05:34","guid":{"rendered":"https:\/\/espacodosol.com\/blog\/blog\/?page_id=10732"},"modified":"2014-10-04T23:05:34","modified_gmt":"2014-10-04T23:05:34","slug":"radiestesia-e-radionica-2","status":"publish","type":"page","link":"https:\/\/espacodosol.com\/blog\/index.php\/radiestesia-e-radionica-2\/","title":{"rendered":"Radiestesia"},"content":{"rendered":"<p><img loading=\"lazy\" decoding=\"async\" class=\"\" src=\"https:\/\/espacodosol.com\/blog\/Pendulo_20Egipcio.gif?v=6ejoxk1tvlqjps\" alt=\"\" width=\"427\" height=\"314\" \/><\/p>\n<div style=\"text-align: justify\" align=\"justify\">Latim:\u00a0 Radium = radia\u00e7\u00e3o<\/div>\n<div style=\"text-align: justify\"><\/div>\n<div style=\"text-align: justify\" align=\"justify\">Grego: Aestesis = percep\u00e7\u00e3o, sensibilidade.<\/div>\n<div style=\"text-align: justify\"><\/div>\n<div style=\"text-align: justify\" align=\"justify\">Existem outros nomes para a radiestesia, tais como Palomancia; Rabdomancia.<\/div>\n<div style=\"text-align: justify\"><\/div>\n<div style=\"text-align: justify\" align=\"justify\">Ambos significam adivinha\u00e7\u00e3o pela vareta.<\/div>\n<div style=\"text-align: justify\"><\/div>\n<div style=\"text-align: justify\" align=\"justify\">A Radiestesia \u00e9 um sistema mental de conhecimento, um dos sistemas mais simples e pr\u00e1ticos para entrar em contato com o que quer que seja que queiramos<\/div>\n<div style=\"text-align: justify\"><\/div>\n<div style=\"text-align: justify\" align=\"justify\">A radiestesia merece ser colocada dentro das ci\u00eancias humanas, tirando-a das supersti\u00e7\u00f5es e misticismos baratos<\/div>\n<div style=\"text-align: justify\"><\/div>\n<div style=\"text-align: justify\" align=\"justify\">A base do fen\u00f4meno radiest\u00e9sico n\u00e3o est\u00e1 na influ\u00eancia da radia\u00e7\u00e3o do objeto ou da pergunta sobre o p\u00eandulo, mas na percep\u00e7\u00e3o do operador<\/div>\n<div style=\"text-align: justify\"><\/div>\n<div style=\"text-align: justify\" align=\"justify\">Os aparelhos que podem ser usados simplesmente exteriorizam a resposta que j\u00e1 tem o operador, por meio de um sistema de codifica\u00e7\u00e3o<\/div>\n<div style=\"text-align: justify\"><\/div>\n<div style=\"text-align: justify\" align=\"justify\">Antes de tudo est\u00e1 o radiestesista<\/div>\n<div style=\"text-align: justify\"><\/div>\n<div style=\"text-align: justify\" align=\"justify\">Ele tem que se preparar para aumentar sua sensibilidade e aprender a traduzi-la atrav\u00e9s do p\u00eandulo ou qualquer outro instrumento<\/div>\n<div style=\"text-align: justify\" align=\"justify\">A forma\u00e7\u00e3o mental do radiestesista \u00e9 o fundamento de tudo<\/div>\n<div style=\"text-align: justify\"><\/div>\n<div style=\"text-align: justify\" align=\"justify\">Nada h\u00e1 de oculto ou misterioso na radiestesia, trata-se do resultado da educa\u00e7\u00e3o da mente<\/div>\n<div style=\"text-align: justify\"><\/div>\n<div style=\"text-align: justify\" align=\"justify\">\u00c9 interessante lembrar que como qualquer habilidade, somente a pr\u00e1tica lhe dar\u00e1 o desempenho perfeito de suas habilidades<\/div>\n<div style=\"text-align: justify\"><\/div>\n<div style=\"text-align: justify\" align=\"justify\">\u00c0 medida que seu treinamento evolui, a pessoa perceber\u00e1 que sua habilidade natural se desenvolver\u00e1 cada vez mais, trazendo-lhe mais confian\u00e7a.<\/div>\n<div style=\"text-align: justify\" align=\"justify\"><\/div>\n<h3 style=\"text-align: justify\" align=\"justify\">Principais Instrumentos<\/h3>\n<div style=\"text-align: justify\" align=\"justify\">\n<h3 align=\"justify\">AURAMETER<\/h3>\n<div>\u00a0<img decoding=\"async\" src=\"https:\/\/espacodosol.com\/blog\/AuraMeter1.jpg?v=2rxhlc4ku3ebaur\" alt=\"\" \/><\/div>\n<div align=\"justify\">Aparelho usado pelos pesquisadores Verner Cameron e Max Free Long, utilizado em radiestesia para a medi\u00e7\u00e3o de energias sutis, que dificilmente s\u00e3o detect\u00e1veis por instrumentos cient\u00edficos.<\/div>\n<div><\/div>\n<div align=\"justify\">Podemos com ele identificar a exist\u00eancia de v\u00e1rios tipos de energias, suas dimens\u00f5es quantitativas e qualitativas.<\/div>\n<div><\/div>\n<div align=\"justify\">Entre elas: Localizar a exist\u00eancia de \u00e1gua no subsolo e energias c\u00f3smicas, tel\u00faricas, mentais e dos objetos.<\/div>\n<div align=\"justify\"><\/div>\n<div align=\"justify\">\n<h3 align=\"justify\">DUALROAD<\/h3>\n<div align=\"justify\"><img decoding=\"async\" src=\"https:\/\/espacodosol.com\/blog\/medindo_20dualroad0.jpg?v=2rxje04ku3ebaur\" alt=\"\" \/><\/div>\n<div><\/div>\n<div align=\"justify\">Aparelho usado na radiestesia para detectar e determinar fluxos de energias, seus pontos de emiss\u00e3o e a dire\u00e7\u00e3o.<\/div>\n<div><\/div>\n<div align=\"justify\">Formado por duas hastes, o Dual Road serve para medir muitas esp\u00e9cies de energias: Energia tel\u00farica, \u00a0energias dos chakras, Energias intrusas etc.<\/div>\n<div align=\"justify\"><\/div>\n<div align=\"justify\">\n<h3 align=\"justify\">P\u00caNDULOS<\/h3>\n<div>\u00a0<img decoding=\"async\" src=\"https:\/\/espacodosol.com\/blog\/P_C3_8ANDULOS_20EM_20METAL_20CROMADO.jpg?v=2rxb084ku3ebaur\" alt=\"\" \/><\/div>\n<div align=\"justify\">A arte de usar o p\u00eandulo \u00e9 milenar, n\u00e3o sabemos quando essa pr\u00e1tica teve inicio, mas ela \u00e9 citada pelos Hebreus, Eg\u00edpcios e Chineses desde 2000 a.C. Por muitos anos o uso do p\u00eandulo permaneceu restrito ao clero \u2013 conseq\u00fcentemente,\u00a0 mant\u00e9m-se envolvido em mist\u00e9rio.<\/div>\n<div><\/div>\n<div align=\"justify\">Entretanto, ele tamb\u00e9m era usado para procurar \u00e1gua e, quando foi introduzido na Europa, o mist\u00e9rio de certa forma esclareceu-se, pois ele passou a ser usado para procurar minerais como o ouro, a prata e\u00a0 o petr\u00f3leo, e tamb\u00e9m para o diagn\u00f3stico de doen\u00e7as.<\/div>\n<div align=\"justify\"><\/div>\n<div align=\"justify\">\n<h3 align=\"justify\">FORQUILHA OU VARETA<\/h3>\n<p><img decoding=\"async\" src=\"https:\/\/espacodosol.com\/blog\/1_Forquilha-Radiestesica.jpg?v=2rxf744ku3ebaur\" alt=\"\" \/><\/p>\n<div><\/div>\n<div align=\"justify\">A forquilha radiest\u00e9sica consiste em uma vara fina flex\u00edvel normalmente de madeira de avel\u00e3, vime, etc,<\/div>\n<div><\/div>\n<div align=\"justify\">Essas varinhas s\u00e3o cortadas em forma de forquilha, ou tamb\u00e9m\u00a0 juntam-se duas varetinhas, que s\u00e3o ligadas entre si em uma das extremidades com um fio de linho, canh\u00e2mo, algod\u00e3o, etc.<\/div>\n<\/div>\n<\/div>\n<div align=\"justify\"><\/div>\n<\/div>\n<\/div>\n<div style=\"text-align: justify\" align=\"justify\"><\/div>\n<div class='epvc-post-count'><span class='epvc-eye'><\/span>  <span class=\"epvc-count\"> 9.593<\/span><span class='epvc-label'> Views<\/span><\/div>","protected":false},"excerpt":{"rendered":"<p>Latim:\u00a0 Radium = radia\u00e7\u00e3o Grego: Aestesis = percep\u00e7\u00e3o, sensibilidade. Existem outros nomes para a radiestesia, tais como Palomancia; Rabdomancia. Ambos significam adivinha\u00e7\u00e3o pela vareta. A Radiestesia \u00e9 um sistema mental de conhecimento, um dos sistemas mais simples e pr\u00e1ticos para entrar em contato com o que quer que seja que queiramos A radiestesia merece ser [&hellip;]<\/p>\n","protected":false},"author":1,"featured_media":0,"parent":0,"menu_order":0,"comment_status":"open","ping_status":"open","template":"","meta":{"footnotes":""},"class_list":["post-10732","page","type-page","status-publish","hentry"],"amp_enabled":true,"_links":{"self":[{"href":"https:\/\/espacodosol.com\/blog\/index.php\/wp-json\/wp\/v2\/pages\/10732","targetHints":{"allow":["GET"]}}],"collection":[{"href":"https:\/\/espacodosol.com\/blog\/index.php\/wp-json\/wp\/v2\/pages"}],"about":[{"href":"https:\/\/espacodosol.com\/blog\/index.php\/wp-json\/wp\/v2\/types\/page"}],"author":[{"embeddable":true,"href":"https:\/\/espacodosol.com\/blog\/index.php\/wp-json\/wp\/v2\/users\/1"}],"replies":[{"embeddable":true,"href":"https:\/\/espacodosol.com\/blog\/index.php\/wp-json\/wp\/v2\/comments?post=10732"}],"version-history":[{"count":0,"href":"https:\/\/espacodosol.com\/blog\/index.php\/wp-json\/wp\/v2\/pages\/10732\/revisions"}],"wp:attachment":[{"href":"https:\/\/espacodosol.com\/blog\/index.php\/wp-json\/wp\/v2\/media?parent=10732"}],"curies":[{"name":"wp","href":"https:\/\/api.w.org\/{rel}","templated":true}]}}