{"id":10741,"date":"2014-10-04T23:19:24","date_gmt":"2014-10-04T23:19:24","guid":{"rendered":"https:\/\/espacodosol.com\/blog\/blog\/?page_id=10741"},"modified":"2014-10-04T23:19:24","modified_gmt":"2014-10-04T23:19:24","slug":"consultoria","status":"publish","type":"page","link":"https:\/\/espacodosol.com\/blog\/index.php\/consultoria\/","title":{"rendered":"Consultoria"},"content":{"rendered":"<div style=\"text-align: justify\" align=\"left\"><a href=\"https:\/\/espacodosol.com\/blog\/blog\/wp-content\/uploads\/2014\/10\/P1010011.jpg\"><img loading=\"lazy\" decoding=\"async\" class=\"alignleft  wp-image-10788\" src=\"https:\/\/espacodosol.com\/blog\/blog\/wp-content\/uploads\/2014\/10\/P1010011-300x225.jpg\" alt=\"OLYMPUS DIGITAL CAMERA\" width=\"659\" height=\"494\" \/><\/a><\/div>\n<div style=\"text-align: justify\" align=\"left\">A abordagem hol\u00edstica acredita que os elementos emocional, mental, espiritual e f\u00edsico de cada pessoa formam um sistema, e tenta tratar de toda a pessoa em seu contexto, concentrando-se tanto na causa do desequil\u00edbrio como dos sintomas.<\/div>\n<div style=\"text-align: justify\"><\/div>\n<div style=\"text-align: justify\" align=\"left\">Neste contexto podemos incluir a qualidade de vida da pessoa, a sua resid\u00eancia, as energias emitidas pelas principais linhas do planeta, entre elas as linhas Hartmann, Curry, raios Peirr\u00e9, linhas de \u00e1gua corrente subterr\u00e2neas.<\/div>\n<div style=\"text-align: justify\"><\/div>\n<div style=\"text-align: justify\" align=\"left\">Quando houver o cruzamento de v\u00e1rias destas linhas a sa\u00fade do ser humano ficar\u00e1 abalada em algum grau, podendo chegar at\u00e9 o c\u00e2ncer.<\/div>\n<div style=\"text-align: justify\"><\/div>\n<div style=\"text-align: justify\" align=\"left\">Na terapia hol\u00edstica aborda-se o problema a ser tratado como um todo, fazendo a busca de todas as causas que estariam colaborando para o desequil\u00edbrio do ser humano.<\/div>\n<div style=\"text-align: justify\"><\/div>\n<div style=\"text-align: justify\" align=\"left\">Sabemos que os organismos vivos e o meio ambiente funcionam juntos como um todo integrado, o seu desequil\u00edbrio provoca a doen\u00e7a.<\/div>\n<div style=\"text-align: justify\"><\/div>\n<div style=\"text-align: justify\" align=\"left\">Na terapia hol\u00edstica procura-se explicar a capacidade de se autocurar, equilibrando-se o seu meio onde vive, curando tamb\u00e9m sua resid\u00eancia, encontrando onde est\u00e3o as energias nocivas \u00e0 sa\u00fade.<\/div>\n<div style=\"text-align: justify\"><\/div>\n<div style=\"text-align: justify\" align=\"left\">Trocamos energias com tudo o que existe de in\u00fameras formas, tudo est\u00e1 interligado.<\/div>\n<div style=\"text-align: justify\"><\/div>\n<div style=\"text-align: justify\" align=\"left\">Quando percebemos a complexidade do mundo que nos cerca, como as energias interagem em tudo o que observamos, sentimos que podemos sintonizar a harmonia do universo.<\/div>\n<div style=\"text-align: justify\"><\/div>\n<div style=\"text-align: justify\" align=\"left\">Conhecer como tudo isto funciona e utilizar deste equil\u00edbrio para proporcionar mais alegria e bem estar em nossas vidas e a todos os que nos cercam \u00e9 uma busca constante do ser humano.<\/div>\n<div style=\"text-align: justify\"><\/div>\n<div style=\"text-align: justify\" align=\"left\">Transformar todo o fluxo energ\u00e9tico ao seu redor e dentro de si mesmo, trar\u00e1 a voc\u00ea o equil\u00edbrio, a sa\u00fade e a felicidade.<\/div>\n<div style=\"text-align: justify\"><\/div>\n<div style=\"text-align: justify\" align=\"left\">Podemos utilizar as v\u00e1rias possibilidades existentes como a radiestesia, a radi\u00f4nica, os florais, a cromoterapia,\u00a0 a aromaterapia e o Reiki.<\/div>\n<div style=\"text-align: justify\"><\/div>\n<div style=\"text-align: justify\" align=\"left\">Consulte informa\u00e7\u00f5es sobre cada um no site.<\/div>\n<div style=\"text-align: justify\"><\/div>\n<div style=\"text-align: justify\" align=\"left\">Agende sua consulta:<\/div>\n<div style=\"text-align: justify\"><\/div>\n<div style=\"text-align: justify\" align=\"left\">Telefones: 0-XX-41-32676821 \u2013 0-XX-41-99582303<\/div>\n<div style=\"text-align: justify\"><\/div>\n<div style=\"text-align: justify\" align=\"left\">e-mail para espacodosol@gmail.com<\/div>\n<div style=\"text-align: justify\"><\/div>\n<div style=\"text-align: justify\" align=\"left\">Observa\u00e7\u00e3o: Obs.: No seu email para consulta jmande seu nome completo e a data de nascimento<\/div>\n<div class='epvc-post-count'><span class='epvc-eye'><\/span>  <span class=\"epvc-count\"> 9.156<\/span><span class='epvc-label'> Views<\/span><\/div>","protected":false},"excerpt":{"rendered":"<p>A abordagem hol\u00edstica acredita que os elementos emocional, mental, espiritual e f\u00edsico de cada pessoa formam um sistema, e tenta tratar de toda a pessoa em seu contexto, concentrando-se tanto na causa do desequil\u00edbrio como dos sintomas. Neste contexto podemos incluir a qualidade de vida da pessoa, a sua resid\u00eancia, as energias emitidas pelas principais [&hellip;]<\/p>\n","protected":false},"author":1,"featured_media":0,"parent":0,"menu_order":0,"comment_status":"open","ping_status":"open","template":"","meta":{"footnotes":""},"class_list":["post-10741","page","type-page","status-publish","hentry"],"amp_enabled":true,"_links":{"self":[{"href":"https:\/\/espacodosol.com\/blog\/index.php\/wp-json\/wp\/v2\/pages\/10741","targetHints":{"allow":["GET"]}}],"collection":[{"href":"https:\/\/espacodosol.com\/blog\/index.php\/wp-json\/wp\/v2\/pages"}],"about":[{"href":"https:\/\/espacodosol.com\/blog\/index.php\/wp-json\/wp\/v2\/types\/page"}],"author":[{"embeddable":true,"href":"https:\/\/espacodosol.com\/blog\/index.php\/wp-json\/wp\/v2\/users\/1"}],"replies":[{"embeddable":true,"href":"https:\/\/espacodosol.com\/blog\/index.php\/wp-json\/wp\/v2\/comments?post=10741"}],"version-history":[{"count":0,"href":"https:\/\/espacodosol.com\/blog\/index.php\/wp-json\/wp\/v2\/pages\/10741\/revisions"}],"wp:attachment":[{"href":"https:\/\/espacodosol.com\/blog\/index.php\/wp-json\/wp\/v2\/media?parent=10741"}],"curies":[{"name":"wp","href":"https:\/\/api.w.org\/{rel}","templated":true}]}}