{"id":10834,"date":"2014-10-11T04:27:05","date_gmt":"2014-10-11T04:27:05","guid":{"rendered":"https:\/\/espacodosol.com\/blog\/blog\/?page_id=10834"},"modified":"2014-10-11T04:27:05","modified_gmt":"2014-10-11T04:27:05","slug":"radionica","status":"publish","type":"page","link":"https:\/\/espacodosol.com\/blog\/index.php\/radionica\/","title":{"rendered":"Radi\u00f4nica"},"content":{"rendered":"<div style=\"text-align: justify\" align=\"justify\"><a href=\"https:\/\/espacodosol.com\/blog\/blog\/wp-content\/uploads\/2014\/10\/P1010011.jpg\"><img loading=\"lazy\" decoding=\"async\" class=\"alignleft  wp-image-10788\" src=\"https:\/\/espacodosol.com\/blog\/blog\/wp-content\/uploads\/2014\/10\/P1010011-300x225.jpg\" alt=\"OLYMPUS DIGITAL CAMERA\" width=\"661\" height=\"496\" \/><\/a><\/div>\n<div style=\"text-align: justify\" align=\"justify\">Significado da palavra radi\u00f4nica:<\/div>\n<div style=\"text-align: justify\"><\/div>\n<div style=\"text-align: justify\" align=\"justify\">Radius &#8211; raio, radio.<\/div>\n<div style=\"text-align: justify\"><\/div>\n<div style=\"text-align: justify\" align=\"justify\">\u00cdon &#8211; Part\u00edcula carregada de energia.<\/div>\n<div style=\"text-align: justify\"><\/div>\n<div style=\"text-align: justify\" align=\"justify\">Radi\u00f4nica \u00e9 uma ci\u00eancia que cuida do equil\u00edbrio e gerenciamento energ\u00e9tico, captando e enviando energias especificas.<\/div>\n<div style=\"text-align: justify\"><\/div>\n<div style=\"text-align: justify\" align=\"justify\">O processo radi\u00f4nico \u00e9 feito atrav\u00e9s da mente do operador, que faz a sintonia entre aparelhos geradores, modificadores, potencializadores e transmissores de energia com os locais, pessoas ou objetos que ir\u00e3o receber essas energias.<\/div>\n<div style=\"text-align: justify\"><\/div>\n<div style=\"text-align: justify\" align=\"justify\">\u00c9 um m\u00e9todo de emiss\u00e3o de energia a dist\u00e2ncia.<\/div>\n<div style=\"text-align: justify\"><\/div>\n<div style=\"text-align: justify\" align=\"justify\">\u00c9 uma ci\u00eancia que cuida do equil\u00edbrio e gerenciamento energ\u00e9tico, captando e enviando energias espec\u00edficas.<\/div>\n<div style=\"text-align: justify\"><\/div>\n<div style=\"text-align: justify\" align=\"justify\">O processo radi\u00f4nico \u00e9 feito atrav\u00e9s da mente do operador, que faz a sintonia entre aparelhos geradores, modificadores, potencializadores e transmissores de energia com os locais, pessoas ou objetos que ir\u00e3o receber essas energias.<\/div>\n<div style=\"text-align: justify\"><\/div>\n<div style=\"text-align: justify\" align=\"justify\">Principais estudiosos da Radi\u00f4nica:<\/div>\n<div style=\"text-align: justify\"><\/div>\n<div style=\"text-align: justify\" align=\"justify\">Dr. Albert Abrams &#8211;\u00a0 Algumas das conclus\u00f5es: todas as coisas emitem radia\u00e7\u00f5es e o corpo humano \u00e9 um receptor. Cada \u00f3rg\u00e3o funciona como um sistema que emite uma freq\u00fc\u00eancia espec\u00edfica. Quando adoece esta freq\u00fc\u00eancia se altera. Esta altera\u00e7\u00e3o pode ser sentida por meio de uma pessoa saud\u00e1vel, atrav\u00e9s de um fio ou \u00e0 dist\u00e2ncia. Fez um aparelho chamado \u201cOsciloclast\u201d, que emitia a freq\u00fc\u00eancia necess\u00e1ria para curar o \u00f3rg\u00e3o doente.<\/div>\n<div style=\"text-align: justify\"><\/div>\n<div style=\"text-align: justify\" align=\"justify\">A Dra. Ruth Drohn incorporou v\u00e1rias coisas importantes no sistema: Introduziu o detector no aparelho radi\u00f4nico. Tratou pessoas \u00e0 dist\u00e2ncia atrav\u00e9s de uma gota de sangue como testemunho.<\/div>\n<div style=\"text-align: justify\" align=\"justify\"><\/div>\n<h3 style=\"text-align: justify\" align=\"justify\">Principais Instrumentos<\/h3>\n<h3 align=\"justify\">PROSPERADOR<\/h3>\n<div>\u00a0<img loading=\"lazy\" decoding=\"async\" class=\"\" src=\"https:\/\/espacodosol.com\/blog\/14-Prosperador.png?v=6ekh2o6l5sah4\" alt=\"\" width=\"200\" height=\"199\" \/><\/div>\n<div align=\"justify\">\u00c9 um gr\u00e1fico que favorece a circula\u00e7\u00e3o das energias materiais.<\/div>\n<div><\/div>\n<div align=\"justify\">Pode ser usado na porta de casa ou trabalho, na mesa de trabalho, na carteira, nos cart\u00f5es de banco, nos cart\u00f5es de visita, nos r\u00f3tulos de produtos, etc.<\/div>\n<div align=\"justify\"><\/div>\n<div align=\"justify\">\n<h3 align=\"justify\">TURBILH\u00c3O COM S\u00cdMBOLO DO SOL<\/h3>\n<div>\n<img loading=\"lazy\" decoding=\"async\" class=\"\" src=\"https:\/\/espacodosol.com\/blog\/Turbilh_C3_A3o_20S_C3_ADmbolo_20Sol.jpg?v=6ek6ao1tvltl2f\" alt=\"\" width=\"200\" height=\"167\" \/><\/div>\n<div align=\"justify\">Gr\u00e1fico muito indicado para situa\u00e7\u00f5es materiais, como venda, compra neg\u00f3cios, prosperidade, emprego, etc.<\/div>\n<div align=\"justify\"><\/div>\n<div align=\"justify\">\n<h3 align=\"justify\">PROGRAMADOR F\u00cdSICO<\/h3>\n<div>\u00a0<img loading=\"lazy\" decoding=\"async\" class=\"\" src=\"https:\/\/espacodosol.com\/blog\/Programador.jpg?v=6ejubk1tvltgb9\" alt=\"\" width=\"200\" height=\"171\" \/><\/div>\n<div align=\"justify\">E um gr\u00e1fico muito utilizado no caso de pessoas doentes.<\/div>\n<div><\/div>\n<div align=\"justify\">Este gr\u00e1fico n\u00e3o trabalha diretamente a doen\u00e7a em si, mas atua na reestrutura\u00e7\u00e3o do quadro org\u00e2nico de pessoas doentes, possibilitando com isso o restabelecimento da sa\u00fade.<\/div>\n<div align=\"justify\"><\/div>\n<div align=\"justify\">\n<h3 align=\"justify\">NOVE C\u00cdRCULOS<\/h3>\n<div>\u00a0<img loading=\"lazy\" decoding=\"async\" class=\"\" src=\"https:\/\/espacodosol.com\/blog\/Nove.jpg?v=6ekxu81tvltav4\" alt=\"\" width=\"200\" height=\"204\" \/><\/div>\n<div align=\"justify\">De acordo com uma corrente da numerologia, o n\u00famero &#8220;9&#8221; \u00e9 indestrut\u00edvel,<\/div>\n<div><\/div>\n<div align=\"justify\">O c\u00edrculo \u00e9 a forma mais perfeita, onde a energia pode circular sem obst\u00e1culos e\u00a0 energias exteriores tangenciam a circunfer\u00eancia sem conseguir penetrar.<\/div>\n<div><\/div>\n<div align=\"justify\">Unindo estes dois conceitos vamos obter um gr\u00e1fico que nos protege de toda e qualquer energia nociva ou negativa, s\u00f3 n\u00e3o nos protege de n\u00f3s mesmos.<\/div>\n<div><\/div>\n<div align=\"justify\">N\u00e3o esquecer que para todos os gr\u00e1ficos precisam pedir permiss\u00e3o ao us\u00e1-los.<\/div>\n<\/div>\n<\/div>\n<\/div>\n<div class='epvc-post-count'><span class='epvc-eye'><\/span>  <span class=\"epvc-count\"> 5.430<\/span><span class='epvc-label'> Views<\/span><\/div>","protected":false},"excerpt":{"rendered":"<p>Significado da palavra radi\u00f4nica: Radius &#8211; raio, radio. \u00cdon &#8211; Part\u00edcula carregada de energia. Radi\u00f4nica \u00e9 uma ci\u00eancia que cuida do equil\u00edbrio e gerenciamento energ\u00e9tico, captando e enviando energias especificas. O processo radi\u00f4nico \u00e9 feito atrav\u00e9s da mente do operador, que faz a sintonia entre aparelhos geradores, modificadores, potencializadores e transmissores de energia com os [&hellip;]<\/p>\n","protected":false},"author":1,"featured_media":0,"parent":0,"menu_order":0,"comment_status":"open","ping_status":"open","template":"","meta":{"footnotes":""},"class_list":["post-10834","page","type-page","status-publish","hentry"],"amp_enabled":true,"_links":{"self":[{"href":"https:\/\/espacodosol.com\/blog\/index.php\/wp-json\/wp\/v2\/pages\/10834","targetHints":{"allow":["GET"]}}],"collection":[{"href":"https:\/\/espacodosol.com\/blog\/index.php\/wp-json\/wp\/v2\/pages"}],"about":[{"href":"https:\/\/espacodosol.com\/blog\/index.php\/wp-json\/wp\/v2\/types\/page"}],"author":[{"embeddable":true,"href":"https:\/\/espacodosol.com\/blog\/index.php\/wp-json\/wp\/v2\/users\/1"}],"replies":[{"embeddable":true,"href":"https:\/\/espacodosol.com\/blog\/index.php\/wp-json\/wp\/v2\/comments?post=10834"}],"version-history":[{"count":0,"href":"https:\/\/espacodosol.com\/blog\/index.php\/wp-json\/wp\/v2\/pages\/10834\/revisions"}],"wp:attachment":[{"href":"https:\/\/espacodosol.com\/blog\/index.php\/wp-json\/wp\/v2\/media?parent=10834"}],"curies":[{"name":"wp","href":"https:\/\/api.w.org\/{rel}","templated":true}]}}