{"id":11513,"date":"2015-01-30T13:07:53","date_gmt":"2015-01-30T13:07:53","guid":{"rendered":"https:\/\/espacodosol.com\/blog\/blog\/?page_id=11513"},"modified":"2015-01-30T13:07:53","modified_gmt":"2015-01-30T13:07:53","slug":"programa-curso-aromaterapia","status":"publish","type":"page","link":"https:\/\/espacodosol.com\/blog\/index.php\/cursos\/programa-curso-aromaterapia\/","title":{"rendered":"Programa Curso Aromaterapia"},"content":{"rendered":"<p style=\"text-align: justify\">Defini\u00e7\u00e3o de aromaterapia<\/p>\n<p style=\"text-align: justify\">Aromaterapia na hist\u00f3ria<\/p>\n<p style=\"text-align: justify\">\u00d3leos essenciais<\/p>\n<p style=\"text-align: justify\">Psicossom\u00e1tica &#8211; aromaterapia e as emo\u00e7\u00f5es &#8211; funcionamento dos \u00f3leos essenciais<\/p>\n<p style=\"text-align: justify\">De onde obtemos os \u00f3leos essenciais?<\/p>\n<p style=\"text-align: justify\">Principais m\u00e9todos de extra\u00e7\u00e3o de \u00f3leos essenciais<\/p>\n<ul style=\"text-align: justify\">\n<li>Destila\u00e7\u00e3o<\/li>\n<li>Macera\u00e7\u00e3o<\/li>\n<li>Extra\u00e7\u00e3o<\/li>\n<li>Express\u00e3o<\/li>\n<\/ul>\n<p style=\"text-align: justify\">Classifica\u00e7\u00e3o dos \u00f3leos essenciais<\/p>\n<ul style=\"text-align: justify\">\n<li>Florais<\/li>\n<li>C\u00edtricos<\/li>\n<li>Resinas<\/li>\n<li>Talos<\/li>\n<li>Folhas<\/li>\n<\/ul>\n<p style=\"text-align: justify\">Componentes qu\u00edmicos dos \u00f3leos essenciais<\/p>\n<p style=\"text-align: justify\">Conserva\u00e7\u00e3o \u00f3leos essenciais<\/p>\n<p style=\"text-align: justify\">Onde adquirir os \u00f3leos essenciais<\/p>\n<p style=\"text-align: justify\">Precau\u00e7\u00f5es de uso<\/p>\n<p style=\"text-align: justify\">M\u00e9todos de administra\u00e7\u00e3o de \u00f3leos essenciais<\/p>\n<p style=\"text-align: justify\">M\u00e9todo de inala\u00e7\u00e3o<\/p>\n<p style=\"text-align: justify\">M\u00e9todo de vaporiza\u00e7\u00e3o<\/p>\n<p style=\"text-align: justify\">M\u00e9todo de banhos arom\u00e1ticos<\/p>\n<p style=\"text-align: justify\">M\u00e9todo de massagem terap\u00eautica<\/p>\n<p style=\"text-align: justify\">M\u00e9todo de aplica\u00e7\u00e3o de compressas<\/p>\n<p style=\"text-align: justify\">\u00d3leos essenciais usados como ambientadores<\/p>\n<p style=\"text-align: justify\">Garrafa com nebulizador<\/p>\n<p style=\"text-align: justify\">Lareira<\/p>\n<p style=\"text-align: justify\">Receitu\u00e1rio arom\u00e1tico<\/p>\n<p style=\"text-align: justify\">Indica\u00e7\u00f5es por \u00f3rg\u00e3o do corpo<\/p>\n<p style=\"text-align: justify\">Sistemas<\/p>\n<ul style=\"text-align: justify\">\n<li>Sistema Digestivo<\/li>\n<li>Sistema Circulat\u00f3rio<\/li>\n<li>Sistema Excretor<\/li>\n<li>Sistema Esquel\u00e9tico-Muscular<\/li>\n<li>Sistema Respirat\u00f3rio<\/li>\n<li>Sistema Reprodutivo e End\u00f3crino<\/li>\n<li>Sangue<\/li>\n<li>Sistema Nervoso<\/li>\n<li>Emocional<\/li>\n<li>Outros<\/li>\n<\/ul>\n<p style=\"text-align: justify\">Gloss\u00e1rio de terminologia arom\u00e1tica<\/p>\n<p style=\"text-align: justify\">Rela\u00e7\u00e3o entre os aromas e as personalidades<\/p>\n<p style=\"text-align: justify\">Diversas aplica\u00e7\u00f5es dos \u00f3leos essenciais<\/p>\n<p style=\"text-align: justify\">Banho- aroma terap\u00eautico<\/p>\n<p style=\"text-align: justify\">Aromaterapia em mal-estares femininos<\/p>\n<p style=\"text-align: justify\">Aromaterapia frente \u00e0 celulite<\/p>\n<p style=\"text-align: justify\">Uso da aromaterapia durante a gravidez<\/p>\n<p style=\"text-align: justify\">Efeito da aromaterapia nos homens<\/p>\n<p style=\"text-align: justify\">Sugest\u00f5es de uso dos \u00f3leos essenciais<\/p>\n<p style=\"text-align: justify\">Lavanda (Lavandula angustifolia)<\/p>\n<p style=\"text-align: justify\">Algumas combina\u00e7\u00f5es para situa\u00e7\u00f5es de emerg\u00eancia<\/p>\n<p style=\"text-align: justify\">Sinergias<\/p>\n<p style=\"text-align: justify\">Aromaterapia da cabe\u00e7a aos p\u00e9s<\/p>\n<ul style=\"text-align: justify\">\n<li>Cabelo<\/li>\n<li>Corpo<\/li>\n<li>Rosto<\/li>\n<li>M\u00e3os<\/li>\n<li>Problemas Femininos<\/li>\n<li>Relaxar e Revigorar<\/li>\n<li>Trabalho<\/li>\n<li>Emo\u00e7\u00f5es, Equil\u00edbrio e Bem Estar<\/li>\n<\/ul>\n<p style=\"text-align: justify\">Intera\u00e7\u00f5es com medicamentos<\/p>\n<p style=\"text-align: justify\">Uso de \u00f3leos essenciais nos Animais<\/p>\n<p style=\"text-align: justify\">Bibliografia<\/p>\n<p style=\"text-align: justify\">Sites de apoio curso<\/p>\n<p style=\"text-align: justify\">\n<div class='epvc-post-count'><span class='epvc-eye'><\/span>  <span class=\"epvc-count\"> 1.635<\/span><span class='epvc-label'> Views<\/span><\/div>","protected":false},"excerpt":{"rendered":"<p>Defini\u00e7\u00e3o de aromaterapia Aromaterapia na hist\u00f3ria \u00d3leos essenciais Psicossom\u00e1tica &#8211; aromaterapia e as emo\u00e7\u00f5es &#8211; funcionamento dos \u00f3leos essenciais De onde obtemos os \u00f3leos essenciais? Principais m\u00e9todos de extra\u00e7\u00e3o de \u00f3leos essenciais Destila\u00e7\u00e3o Macera\u00e7\u00e3o Extra\u00e7\u00e3o Express\u00e3o Classifica\u00e7\u00e3o dos \u00f3leos essenciais Florais C\u00edtricos Resinas Talos Folhas Componentes qu\u00edmicos dos \u00f3leos essenciais Conserva\u00e7\u00e3o \u00f3leos essenciais Onde adquirir [&hellip;]<\/p>\n","protected":false},"author":1,"featured_media":0,"parent":10739,"menu_order":0,"comment_status":"open","ping_status":"open","template":"","meta":{"footnotes":""},"class_list":["post-11513","page","type-page","status-publish","hentry"],"amp_enabled":true,"_links":{"self":[{"href":"https:\/\/espacodosol.com\/blog\/index.php\/wp-json\/wp\/v2\/pages\/11513","targetHints":{"allow":["GET"]}}],"collection":[{"href":"https:\/\/espacodosol.com\/blog\/index.php\/wp-json\/wp\/v2\/pages"}],"about":[{"href":"https:\/\/espacodosol.com\/blog\/index.php\/wp-json\/wp\/v2\/types\/page"}],"author":[{"embeddable":true,"href":"https:\/\/espacodosol.com\/blog\/index.php\/wp-json\/wp\/v2\/users\/1"}],"replies":[{"embeddable":true,"href":"https:\/\/espacodosol.com\/blog\/index.php\/wp-json\/wp\/v2\/comments?post=11513"}],"version-history":[{"count":0,"href":"https:\/\/espacodosol.com\/blog\/index.php\/wp-json\/wp\/v2\/pages\/11513\/revisions"}],"up":[{"embeddable":true,"href":"https:\/\/espacodosol.com\/blog\/index.php\/wp-json\/wp\/v2\/pages\/10739"}],"wp:attachment":[{"href":"https:\/\/espacodosol.com\/blog\/index.php\/wp-json\/wp\/v2\/media?parent=11513"}],"curies":[{"name":"wp","href":"https:\/\/api.w.org\/{rel}","templated":true}]}}