{"id":11529,"date":"2015-02-01T00:37:58","date_gmt":"2015-02-01T00:37:58","guid":{"rendered":"https:\/\/espacodosol.com\/blog\/blog\/?page_id=11529"},"modified":"2015-02-01T00:37:58","modified_gmt":"2015-02-01T00:37:58","slug":"programa-curso-cristais","status":"publish","type":"page","link":"https:\/\/espacodosol.com\/blog\/index.php\/cursos\/programa-curso-cristais\/","title":{"rendered":"Programa Curso Cristais"},"content":{"rendered":"<p>O poder da mente humana<\/p>\n<p>Hist\u00f3ria dos Cristais<\/p>\n<p>Cristais l\u00edquidos<\/p>\n<p>Cristais e vidros de sil\u00edcio<\/p>\n<p>Classifica\u00e7\u00e3o dos Cristais<\/p>\n<p>Esferas ou Bolas de Cristal<\/p>\n<p>O significado das diversas formas de pedras<\/p>\n<p>Como agem as pedras curativas sobre o nosso corpo<\/p>\n<p>Programa\u00e7\u00e3o dos Cristais<\/p>\n<p>Aplica\u00e7\u00e3o e Uso dos Cristais<\/p>\n<p>Uso com Plantas ou Animais:<\/p>\n<p>M\u00e9todos de Energiza\u00e7\u00e3o<\/p>\n<p>M\u00e9todos de Limpeza<\/p>\n<p>Os Chakras e os Cristais<\/p>\n<ol>\n<li>Chakra \u2013 B\u00e1sico<\/li>\n<li>Chakra \u2013 Sacro<\/li>\n<li>Chakra \u2013 Plexo Solar<\/li>\n<li>Chakra \u2013 Card\u00edaco<\/li>\n<li>Chakra \u2013 Lar\u00edngeo<\/li>\n<li>Chakra \u2013 Terceiro Olho<\/li>\n<li>Chakra \u2013 Coroa<\/li>\n<\/ol>\n<p>Lista de Consulta \u2013 Pedras x Chakras<\/p>\n<p>Principais Pedras Dos Signos<\/p>\n<p>Elixir de Cristais<\/p>\n<p>O que \u00e9 um Elixir de Cristais<\/p>\n<p>Cria\u00e7\u00e3o das \u201cEss\u00eancias Cristalinas\u201d<\/p>\n<p>F\u00f3rmulas de ess\u00eancias cristalinas<\/p>\n<ol>\n<li>Aprendizado<\/li>\n<li>Emergencial<\/li>\n<li>Criatividade<\/li>\n<li>Harmoniza\u00e7\u00e3o<\/li>\n<li>Prote\u00e7\u00e3o<\/li>\n<li>Relacionamento<\/li>\n<li>Alegria<\/li>\n<li>Desintoxica\u00e7\u00e3o<\/li>\n<li>Imunidade<\/li>\n<li>Ciclo Feminino ou TPM<\/li>\n<li>Equil\u00edbrio Emocional<\/li>\n<li>Desapego<\/li>\n<li>Consci\u00eancia Alimentar<\/li>\n<li>Sexualidade<\/li>\n<\/ol>\n<p>Indica\u00e7\u00f5es dos Elixires de Cristais<\/p>\n<p>Correspond\u00eancias entre os cristais e o corpo<\/p>\n<p>Significado de Pedras<\/p>\n<p>Poder dos Cristais<\/p>\n<p>Cristais Et\u00e9ricos<\/p>\n<p>O que s\u00e3o Cristais Et\u00e9ricos<\/p>\n<ol>\n<li>Tratamento: M\u00e9todo tradicional<\/li>\n<li>Tratamento: M\u00e9todo atitude de canal<\/li>\n<li>Tratamento \u00e0 dist\u00e2ncia<\/li>\n<li>T\u00e9cnica do Bast\u00e3o Atlante<\/li>\n<li>Sintoniza\u00e7\u00e3o em Cristais Et\u00e9ricos<\/li>\n<\/ol>\n<div class='epvc-post-count'><span class='epvc-eye'><\/span>  <span class=\"epvc-count\"> 1.580<\/span><span class='epvc-label'> Views<\/span><\/div>","protected":false},"excerpt":{"rendered":"<p>O poder da mente humana Hist\u00f3ria dos Cristais Cristais l\u00edquidos Cristais e vidros de sil\u00edcio Classifica\u00e7\u00e3o dos Cristais Esferas ou Bolas de Cristal O significado das diversas formas de pedras Como agem as pedras curativas sobre o nosso corpo Programa\u00e7\u00e3o dos Cristais Aplica\u00e7\u00e3o e Uso dos Cristais Uso com Plantas ou Animais: M\u00e9todos de Energiza\u00e7\u00e3o [&hellip;]<\/p>\n","protected":false},"author":1,"featured_media":0,"parent":10739,"menu_order":0,"comment_status":"open","ping_status":"closed","template":"","meta":{"footnotes":""},"class_list":["post-11529","page","type-page","status-publish","hentry"],"amp_enabled":true,"_links":{"self":[{"href":"https:\/\/espacodosol.com\/blog\/index.php\/wp-json\/wp\/v2\/pages\/11529","targetHints":{"allow":["GET"]}}],"collection":[{"href":"https:\/\/espacodosol.com\/blog\/index.php\/wp-json\/wp\/v2\/pages"}],"about":[{"href":"https:\/\/espacodosol.com\/blog\/index.php\/wp-json\/wp\/v2\/types\/page"}],"author":[{"embeddable":true,"href":"https:\/\/espacodosol.com\/blog\/index.php\/wp-json\/wp\/v2\/users\/1"}],"replies":[{"embeddable":true,"href":"https:\/\/espacodosol.com\/blog\/index.php\/wp-json\/wp\/v2\/comments?post=11529"}],"version-history":[{"count":0,"href":"https:\/\/espacodosol.com\/blog\/index.php\/wp-json\/wp\/v2\/pages\/11529\/revisions"}],"up":[{"embeddable":true,"href":"https:\/\/espacodosol.com\/blog\/index.php\/wp-json\/wp\/v2\/pages\/10739"}],"wp:attachment":[{"href":"https:\/\/espacodosol.com\/blog\/index.php\/wp-json\/wp\/v2\/media?parent=11529"}],"curies":[{"name":"wp","href":"https:\/\/api.w.org\/{rel}","templated":true}]}}