{"id":11544,"date":"2015-02-04T02:31:34","date_gmt":"2015-02-04T02:31:34","guid":{"rendered":"https:\/\/espacodosol.com\/blog\/blog\/?page_id=11544"},"modified":"2015-02-04T02:31:34","modified_gmt":"2015-02-04T02:31:34","slug":"programa-curso-cromoterapia","status":"publish","type":"page","link":"https:\/\/espacodosol.com\/blog\/index.php\/cursos\/programa-curso-cromoterapia\/","title":{"rendered":"Programa Curso  Cromoterapia"},"content":{"rendered":"<p>Hist\u00f3ria da cromoterapia<\/p>\n<p>Princ\u00edpios b\u00e1sicos da cromoterapia<\/p>\n<p>Cores b\u00e1sicas ou prim\u00e1rias<\/p>\n<p>A energia do sol<\/p>\n<p>Energia vital<\/p>\n<p>A aura humana<\/p>\n<p>Autodefesa ps\u00edquica ou autoprote\u00e7\u00e3o energ\u00e9tica<\/p>\n<p>Exerc\u00edcio de autoprote\u00e7\u00e3o energ\u00e9tica<\/p>\n<p>Limpeza da aura (com luz)<\/p>\n<p>Exerc\u00edcio: limpeza da aura<\/p>\n<p>Anatomia energ\u00e9tica humana<\/p>\n<p>Os chakras<\/p>\n<p>Descri\u00e7\u00e3o dos chakras<\/p>\n<p>Limpeza, abertura e energiza\u00e7\u00e3o dos chakras<\/p>\n<p>Cores e suas fun\u00e7\u00f5es<\/p>\n<p>Patologia<\/p>\n<p>\u00c0 dist\u00e2ncia na proje\u00e7\u00e3o<\/p>\n<p>Como projetar as cores mentalmente<\/p>\n<p>A proje\u00e7\u00e3o mental<\/p>\n<p>Azul<\/p>\n<ul>\n<li>\u00c1reas de aplica\u00e7\u00e3o<\/li>\n<li>Fun\u00e7\u00f5es<\/li>\n<li>Indica\u00e7\u00f5es<\/li>\n<li>Contra-indica\u00e7\u00f5es<\/li>\n<li>Aparelho respirat\u00f3rio<\/li>\n<li>Aplica\u00e7\u00e3o da luz nas vias respirat\u00f3rias<\/li>\n<li>Tratamento do resfriado pela cromoterapia<\/li>\n<\/ul>\n<p>Verde<\/p>\n<ul>\n<li>Fun\u00e7\u00f5es<\/li>\n<li>Indica\u00e7\u00f5es<\/li>\n<li>Contra-indica\u00e7\u00f5es<\/li>\n<li>Aparelho digestivo<\/li>\n<li>Aplica\u00e7\u00e3o da luz:<\/li>\n<li>Tratamento da azia<\/li>\n<li>Tratamento da dor de est\u00f4mago<\/li>\n<li>Toxinas \u2013 no estomago \u2013 verde, azul e rosa forte na circula\u00e7\u00e3o hep\u00e1tica (f\u00edgado, ves\u00edcula,<\/li>\n<li>Aparelho urin\u00e1rio<\/li>\n<li>Aplica\u00e7\u00e3o da luz:<\/li>\n<li>Aparelho genital<\/li>\n<li>Feminino<\/li>\n<li>Aplica\u00e7\u00e3o da luz:<\/li>\n<li>Masculino<\/li>\n<li>Aplica\u00e7\u00e3o da luz:<\/li>\n<\/ul>\n<p>Amarelo<\/p>\n<ul>\n<li>Fun\u00e7\u00f5es:<\/li>\n<li>Indica\u00e7\u00f5es:<\/li>\n<li>Contra-indica\u00e7\u00f5es<\/li>\n<li>O sistema linf\u00e1tico<\/li>\n<li>Aplica\u00e7\u00e3o da luz no sistema linf\u00e1tico<\/li>\n<\/ul>\n<p>Rosa<\/p>\n<ul>\n<li>Fun\u00e7\u00f5es<\/li>\n<li>Indica\u00e7\u00f5es<\/li>\n<li>Contra-indica\u00e7\u00f5es<\/li>\n<li>O aparelho circulat\u00f3rio<\/li>\n<li>Corrente sang\u00fc\u00ednea<\/li>\n<li>Aplica\u00e7\u00e3o da cor no sistema circulat\u00f3rio<\/li>\n<li>Corrente sang\u00fc\u00ednea frontal<\/li>\n<li>Corrente sangu\u00ednea superior<\/li>\n<li>Corrente sangu\u00ednea inferior<\/li>\n<li>Circula\u00e7\u00e3o do sangue<\/li>\n<li>Sistema nervoso central completo<\/li>\n<li>Sistema nervoso central<\/li>\n<li>Aplica\u00e7\u00e3o da luz<\/li>\n<li>Sistema nervoso perif\u00e9rico<\/li>\n<li>Aplica\u00e7\u00e3o da luz<\/li>\n<li>Sistema neurovegetativo ou aut\u00f4nomo<\/li>\n<li>Aplica\u00e7\u00e3o da luz<\/li>\n<\/ul>\n<p>Vermelho<\/p>\n<ul>\n<li>\u00c1rea de aplica\u00e7\u00e3o<\/li>\n<li>Fun\u00e7\u00f5es<\/li>\n<li>Indica\u00e7\u00f5es<\/li>\n<li>Contra-indica\u00e7\u00f5es<\/li>\n<\/ul>\n<p>Laranja<\/p>\n<ul>\n<li>\u00c1rea de aplica\u00e7\u00e3o<\/li>\n<li>Fun\u00e7\u00f5es<\/li>\n<li>Indica\u00e7\u00f5es<\/li>\n<li>Contra-indica\u00e7\u00f5es<\/li>\n<li>Sistema esquel\u00e9tico<\/li>\n<li>Aplica\u00e7\u00e3o da luz nos ossos longos<\/li>\n<\/ul>\n<p>Violeta<\/p>\n<ul>\n<li>\u00c1rea de aplica\u00e7\u00e3o<\/li>\n<li>Fun\u00e7\u00f5es<\/li>\n<li>Indica\u00e7\u00f5es<\/li>\n<li>Contra-indica\u00e7\u00f5es<\/li>\n<li>Sistema end\u00f3crino<\/li>\n<li>Aplica\u00e7\u00e3o da luz:<\/li>\n<\/ul>\n<ul>\n<li>\u00cdndigo<\/li>\n<\/ul>\n<p>As cores &#8211; quadro sin\u00f3ptico<\/p>\n<p>Uso de cores duplas \u2013 usa-se 1 de cada vez<\/p>\n<p>Energia solar<\/p>\n<p>A energia solar e a \u00e1gua energizada como terapia<\/p>\n<p>Predomin\u00e2ncia da cor na incid\u00eancia solar<\/p>\n<p>O infravermelho e o ultravioleta<\/p>\n<p>As cores solares e suas fun\u00e7\u00f5es terap\u00eauticas<\/p>\n<p>Aplica\u00e7\u00e3o da energia solar<\/p>\n<p>Tratamentos com energia solar<\/p>\n<p>\u00c1gua energizada com luz solar<\/p>\n<p>Como se consegue esta concentra\u00e7\u00e3o energ\u00e9tica?<\/p>\n<p>Sobre o uso de l\u00e2mpadas na cromoterapia<\/p>\n<p>Alguns esclarecimentos sobre a aplica\u00e7\u00e3o<\/p>\n<p>A limpeza da aura do aplicador<\/p>\n<p>O contacto com paciente<\/p>\n<p>Verifica\u00e7\u00e3o e revis\u00e3o dos chacras<\/p>\n<p>Os chacras e o ajuste de corpos em crian\u00e7as<\/p>\n<p>Cores em grupo<\/p>\n<p>As cores combinadas:<\/p>\n<p>Mentaliza\u00e7\u00e3o da cor durante uma aplica\u00e7\u00e3o<\/p>\n<p>As dist\u00e2ncias na capta\u00e7\u00e3o das energias<\/p>\n<p>A mentaliza\u00e7\u00e3o sobre o organismo<\/p>\n<p>A aplica\u00e7\u00e3o de baixo para cima<\/p>\n<p>A doa\u00e7\u00e3o de energia sobre o local da dor<\/p>\n<p>A doa\u00e7\u00e3o de energia sobre a massa org\u00e2nica<\/p>\n<p>O trabalho com os campos energ\u00e9ticos<\/p>\n<p>A doa\u00e7\u00e3o sobre os campos energ\u00e9ticos<\/p>\n<p>A energia em c\u00edrculos<\/p>\n<p>O tempo entre dois tratamentos<\/p>\n<p>O tempo da aplica\u00e7\u00e3o nas crian\u00e7as<\/p>\n<p>Pequenas regras<\/p>\n<p>A acomoda\u00e7\u00e3o da paciente<\/p>\n<p>A disciplina e a continuidade no tratamento<\/p>\n<p>O trabalho com \u00f3rg\u00e3os duplos<\/p>\n<p>Regras a serem observadas no trabalho de mentaliza\u00e7\u00e3o das cores<\/p>\n<p>O paciente sente dor ao receber energia<\/p>\n<p>Como refazer suas energias ap\u00f3s o trabalho<\/p>\n<p>O cruzamento das pernas atrapalha o fluxo energ\u00e9tico?<\/p>\n<p>Roteiro para aplica\u00e7\u00e3o de cromoterapia<\/p>\n<p>Anamnese de cromoterapia<\/p>\n<p>Uma anamnese hol\u00edstica<\/p>\n<p>Indica\u00e7\u00f5es terap\u00eauticas<\/p>\n<p>Bibliografia<\/p>\n<div class='epvc-post-count'><span class='epvc-eye'><\/span>  <span class=\"epvc-count\"> 2.102<\/span><span class='epvc-label'> Views<\/span><\/div>","protected":false},"excerpt":{"rendered":"<p>Hist\u00f3ria da cromoterapia Princ\u00edpios b\u00e1sicos da cromoterapia Cores b\u00e1sicas ou prim\u00e1rias A energia do sol Energia vital A aura humana Autodefesa ps\u00edquica ou autoprote\u00e7\u00e3o energ\u00e9tica Exerc\u00edcio de autoprote\u00e7\u00e3o energ\u00e9tica Limpeza da aura (com luz) Exerc\u00edcio: limpeza da aura Anatomia energ\u00e9tica humana Os chakras Descri\u00e7\u00e3o dos chakras Limpeza, abertura e energiza\u00e7\u00e3o dos chakras Cores e suas [&hellip;]<\/p>\n","protected":false},"author":1,"featured_media":0,"parent":10739,"menu_order":0,"comment_status":"open","ping_status":"closed","template":"","meta":{"footnotes":""},"class_list":["post-11544","page","type-page","status-publish","hentry"],"amp_enabled":true,"_links":{"self":[{"href":"https:\/\/espacodosol.com\/blog\/index.php\/wp-json\/wp\/v2\/pages\/11544","targetHints":{"allow":["GET"]}}],"collection":[{"href":"https:\/\/espacodosol.com\/blog\/index.php\/wp-json\/wp\/v2\/pages"}],"about":[{"href":"https:\/\/espacodosol.com\/blog\/index.php\/wp-json\/wp\/v2\/types\/page"}],"author":[{"embeddable":true,"href":"https:\/\/espacodosol.com\/blog\/index.php\/wp-json\/wp\/v2\/users\/1"}],"replies":[{"embeddable":true,"href":"https:\/\/espacodosol.com\/blog\/index.php\/wp-json\/wp\/v2\/comments?post=11544"}],"version-history":[{"count":0,"href":"https:\/\/espacodosol.com\/blog\/index.php\/wp-json\/wp\/v2\/pages\/11544\/revisions"}],"up":[{"embeddable":true,"href":"https:\/\/espacodosol.com\/blog\/index.php\/wp-json\/wp\/v2\/pages\/10739"}],"wp:attachment":[{"href":"https:\/\/espacodosol.com\/blog\/index.php\/wp-json\/wp\/v2\/media?parent=11544"}],"curies":[{"name":"wp","href":"https:\/\/api.w.org\/{rel}","templated":true}]}}