{"id":11550,"date":"2015-02-04T23:30:21","date_gmt":"2015-02-04T23:30:21","guid":{"rendered":"https:\/\/espacodosol.com\/blog\/blog\/?page_id=11550"},"modified":"2015-02-04T23:30:21","modified_gmt":"2015-02-04T23:30:21","slug":"programa-curso-radiestesia-e-radionica","status":"publish","type":"page","link":"https:\/\/espacodosol.com\/blog\/index.php\/cursos\/programa-curso-radiestesia-e-radionica\/","title":{"rendered":"Programa Curso Radiestesia e Radi\u00f4nica"},"content":{"rendered":"<p><strong>M\u00d3DULO I<\/strong><\/p>\n<p>Desafie o desconhecido<\/p>\n<p>Hist\u00f3ria da radiestesia<\/p>\n<p>Radiestesia e energia<\/p>\n<p>Modalidades da radiestesia<\/p>\n<p>Observa\u00e7\u00f5es para a pr\u00e1tica da radiestesia<\/p>\n<p>Instrumentos utilizados<\/p>\n<p>O p\u00eandulo e sua hist\u00f3ria<\/p>\n<p>Como e por que o p\u00eandulo funciona<\/p>\n<p>Como utilizar o p\u00eandulo<\/p>\n<p>O que voc\u00ea pode fazer com o p\u00eandulo<\/p>\n<p>Programa\u00e7\u00e3o dos movimentos<\/p>\n<p>Perguntas e respostas<\/p>\n<p>M\u00e9todos de concentra\u00e7\u00e3o para trabalhar<\/p>\n<p>C\u00f3digos do radiestesista<\/p>\n<p>Como interessar o subconsciente<\/p>\n<p>Procedimentos para localiza\u00e7\u00e3o do ponto zero<\/p>\n<p>Raio antena, Raio mental<\/p>\n<p>Exerc\u00edcios<\/p>\n<p>Formas variadas de usar o P\u00eandulo.<\/p>\n<p>\u00c1gua \u2013 criando um rem\u00e9dio vibracional<\/p>\n<p>Como fazer avalia\u00e7\u00e3o r\u00e1pida das condi\u00e7\u00f5es do corpo.<\/p>\n<p>Defini\u00e7\u00e3o da forquilha ou vareta, Dual Road e Aurameter<\/p>\n<p>Geobiologia e ondas de forma<\/p>\n<p>Redes tel\u00faricas: Hartmann, Curry e Peyr\u00e9.<\/p>\n<p>Estudo do Cone Azul<\/p>\n<p>Anel Atlante e Bast\u00e3o Atlante<\/p>\n<p>Equil\u00edbrio dos chakras com P\u00eandulo.<\/p>\n<p>Localiza\u00e7\u00e3o similar.<\/p>\n<p>Como utilizar o p\u00eandulo na cromoterapia<\/p>\n<p>Diagn\u00f3stico de corpos n\u00e3o f\u00edsicos<\/p>\n<p>Como encontrar objetos escondidos, perdidos<\/p>\n<p>Como descobrir a polaridade positiva ou negativa dos objetos<\/p>\n<p>Bibliografia<\/p>\n<p><strong>M\u00d3DULO II<\/strong><\/p>\n<p>O significado da radi\u00f4nica<\/p>\n<p>Utiliza\u00e7\u00e3o de testemunhos, objetivos e rem\u00e9dios radi\u00f4nicos<\/p>\n<p>Defini\u00e7\u00e3o tempos<\/p>\n<p>Dr. Albert Abrams<\/p>\n<p>Emiss\u00e3o energ\u00e9tica gr\u00e1ficos<\/p>\n<p>Dimens\u00f5es dos gr\u00e1ficos e materiais utilizados<\/p>\n<p>Preparando a mente para trabalhar com a radi\u00f4nica<\/p>\n<p>Exerc\u00edcios para preparar a mente.<\/p>\n<p>Exerc\u00edcios de concentra\u00e7\u00e3o<\/p>\n<p>Mantras<\/p>\n<p>Observa\u00e7\u00f5es para um bom trabalho radi\u00f4nico<\/p>\n<p>O que s\u00e3o gr\u00e1ficos<\/p>\n<p>A terapia utilizando pir\u00e2mides<\/p>\n<p>Energiza\u00e7\u00e3o dos alimentos com a pir\u00e2mide<\/p>\n<p>A pir\u00e2mide e a cromoterapia<\/p>\n<p>Utiliza\u00e7\u00e3o das cores na terapia piramidal<\/p>\n<p>Alinhamento da pir\u00e2mide<\/p>\n<p>Estudo da mesa radi\u00f4nica e seus gr\u00e1ficos<\/p>\n<p>Utiliza\u00e7\u00e3o rel\u00f3gio radiest\u00e9sico<\/p>\n<p>Estudo individual de cada gr\u00e1fico \u2013 31 gr\u00e1ficos<\/p>\n<p>Defini\u00e7\u00e3o e utiliza\u00e7\u00e3o gr\u00e1ficos<\/p>\n<p>Como criar objetivos e ativ\u00e1-los<\/p>\n<p>Utiliza\u00e7\u00e3o dos gr\u00e1ficos fora da mesa radi\u00f4nica<\/p>\n<p>Bi\u00f4metro de Bovis<\/p>\n<p>Gr\u00e1ficos e tempo de ativa\u00e7\u00e3o<\/p>\n<p>Geobiologia e ondas de forma<\/p>\n<p>G\u00e1s Rad\u00f4nio<\/p>\n<p>Redes Tel\u00faricas \u2013 Hartmann e Curry e Raios Peyr\u00e9<\/p>\n<p>Doen\u00e7as causadas pelas redes<\/p>\n<p>Desequil\u00edbrio i\u00f4nico<\/p>\n<p>Radioatividade terrestre<\/p>\n<p>Retorno de energias<\/p>\n<p>Ondas de eletromagnetismo<\/p>\n<p>Radioatividade na vida cotidiana<\/p>\n<p>10 dicas de Geobiologia para Sa\u00fade do lar<\/p>\n<p>Teste de contamina\u00e7\u00e3o eletromagn\u00e9tica<\/p>\n<p>Bibliografia<\/p>\n<p><strong>M\u00d3DULO III<\/strong><\/p>\n<p>An\u00e1lise das 19 R\u00e9guas<\/p>\n<p><strong>R\u00e9guas de Influ\u00eancias Externas<\/strong><\/p>\n<p>R\u00e9gua 01 \u2013 Influ\u00eancias externas e internas<\/p>\n<p>R\u00e9gua 02 \u2013 Verde el\u00e9trico negativo tel\u00farico<\/p>\n<p>R\u00e9gua 03 \u2013 Verde el\u00e9trico negativo n\u00e3o tel\u00farico<\/p>\n<p>R\u00e9gua 04 \u2013 Vermelho El\u00e9trico<\/p>\n<p>R\u00e9gua 05 \u2013 Energia Preta<\/p>\n<p>R\u00e9guas de limpeza<\/p>\n<p>R\u00e9gua 06 \u2013 Limpeza Verde el\u00e9trico negativo tel\u00farico<\/p>\n<p>R\u00e9gua 07 \u2013 Limpeza Verde el\u00e9trico negativo n\u00e3o tel\u00farico<\/p>\n<p>R\u00e9gua 08 \u2013 Limpeza Vermelho El\u00e9trico<\/p>\n<p>R\u00e9gua 09 \u2013 Limpeza Energia Preta<\/p>\n<p><strong>R\u00e9guas de Influ\u00eancias internas<\/strong><\/p>\n<p>R\u00e9gua 10 \u2013 Influ\u00eancias Internas<\/p>\n<p>R\u00e9gua 11 \u2013 Energia Vital \u2013 Corpos e entrada de energia<\/p>\n<p>R\u00e9gua 12 &#8211; Chakras<\/p>\n<p>R\u00e9gua 13 \u2013 Sistemas e Meridianos<\/p>\n<p>R\u00e9gua 14 &#8211; Gl\u00e2ndulas<\/p>\n<p>R\u00e9gua 15 \u2013 \u00d3rg\u00e3os \u2013 Coron\u00e1rio, Frontal Coordenador e Lar\u00edngeo<\/p>\n<p>R\u00e9gua 16 \u2013 \u00d3rg\u00e3os \u2013 Card\u00edaco, Plexo Solar e Sacro<\/p>\n<p>R\u00e9gua 17 \u2013 \u00d3rg\u00e3os B\u00e1sicos e alimenta\u00e7\u00e3o<\/p>\n<p>R\u00e9gua 18 \u2013 Miasmas e dist\u00farbio org\u00e2nico<\/p>\n<p><strong>Tratamento Radi\u00f4nico<\/strong><\/p>\n<p>R\u00e9gua 19 \u2013 Gr\u00e1ficos<\/p>\n<p><strong>Estudos Complementares<\/strong><\/p>\n<p>Estudo dos Elementais<\/p>\n<p>Estudos dos Chakras e funcionamento<\/p>\n<p>Formas de equil\u00edbrio dos Chakras<\/p>\n<p>Corpos energ\u00e9ticos e seus princ\u00edpios<\/p>\n<p>Cristais e sua utiliza\u00e7\u00e3o com Radiestesia<\/p>\n<p>Como limpar e carregar os cristais<\/p>\n<p>Limpeza e equil\u00edbrio de lugares, pessoas e objetos<\/p>\n<p>Ervas para limpezas diversas<\/p>\n<p>T\u00e9cnica de limpeza com carv\u00e3o e sal grosso<\/p>\n<p>A Magia e Aromas dos incensos<\/p>\n<p>Roteiro para an\u00e1lise na mesa radi\u00f4nica<\/p>\n<p>Gr\u00e1ficos e tempo de ativa\u00e7\u00e3o<\/p>\n<p>Ficha de Anamnese<\/p>\n<p>Bibliografia<\/p>\n<p>&nbsp;<\/p>\n<div class='epvc-post-count'><span class='epvc-eye'><\/span>  <span class=\"epvc-count\"> 1.668<\/span><span class='epvc-label'> Views<\/span><\/div>","protected":false},"excerpt":{"rendered":"<p>M\u00d3DULO I Desafie o desconhecido Hist\u00f3ria da radiestesia Radiestesia e energia Modalidades da radiestesia Observa\u00e7\u00f5es para a pr\u00e1tica da radiestesia Instrumentos utilizados O p\u00eandulo e sua hist\u00f3ria Como e por que o p\u00eandulo funciona Como utilizar o p\u00eandulo O que voc\u00ea pode fazer com o p\u00eandulo Programa\u00e7\u00e3o dos movimentos Perguntas e respostas M\u00e9todos de concentra\u00e7\u00e3o [&hellip;]<\/p>\n","protected":false},"author":1,"featured_media":0,"parent":10739,"menu_order":0,"comment_status":"open","ping_status":"closed","template":"","meta":{"footnotes":""},"class_list":["post-11550","page","type-page","status-publish","hentry"],"amp_enabled":true,"_links":{"self":[{"href":"https:\/\/espacodosol.com\/blog\/index.php\/wp-json\/wp\/v2\/pages\/11550","targetHints":{"allow":["GET"]}}],"collection":[{"href":"https:\/\/espacodosol.com\/blog\/index.php\/wp-json\/wp\/v2\/pages"}],"about":[{"href":"https:\/\/espacodosol.com\/blog\/index.php\/wp-json\/wp\/v2\/types\/page"}],"author":[{"embeddable":true,"href":"https:\/\/espacodosol.com\/blog\/index.php\/wp-json\/wp\/v2\/users\/1"}],"replies":[{"embeddable":true,"href":"https:\/\/espacodosol.com\/blog\/index.php\/wp-json\/wp\/v2\/comments?post=11550"}],"version-history":[{"count":0,"href":"https:\/\/espacodosol.com\/blog\/index.php\/wp-json\/wp\/v2\/pages\/11550\/revisions"}],"up":[{"embeddable":true,"href":"https:\/\/espacodosol.com\/blog\/index.php\/wp-json\/wp\/v2\/pages\/10739"}],"wp:attachment":[{"href":"https:\/\/espacodosol.com\/blog\/index.php\/wp-json\/wp\/v2\/media?parent=11550"}],"curies":[{"name":"wp","href":"https:\/\/api.w.org\/{rel}","templated":true}]}}