{"id":11554,"date":"2015-02-04T23:55:09","date_gmt":"2015-02-04T23:55:09","guid":{"rendered":"https:\/\/espacodosol.com\/blog\/blog\/?page_id=11554"},"modified":"2015-02-04T23:55:09","modified_gmt":"2015-02-04T23:55:09","slug":"curso-de-florais-de-bach-minas-e-sainte-germain","status":"publish","type":"page","link":"https:\/\/espacodosol.com\/blog\/index.php\/products-page\/curso-de-florais-de-bach-minas-e-sainte-germain\/","title":{"rendered":"Curso de Florais de: Bach, Minas e Saint Germain"},"content":{"rendered":"<h2><strong>Programa do Curso Florais de Bach<\/strong><\/h2>\n<p>Atua\u00e7\u00e3o das ess\u00eancias florais<\/p>\n<p>Caracter\u00edsticas da terapia floral<\/p>\n<p>Terapia Floral X Energia<\/p>\n<p>Edward Bach<\/p>\n<p>Terapia floral \u00e9 indicada<\/p>\n<p>Como \u00e9 sentido o efeito das ess\u00eancias florais<\/p>\n<p>Como diagnosticar os outros<\/p>\n<p>T\u00e9cnicas sens\u00edveis de diagn\u00f3stico<\/p>\n<p>Preparo e uso dos florais<\/p>\n<p>Verdades fundamentais<\/p>\n<p>Passos para superar a doen\u00e7a<\/p>\n<p>A prepara\u00e7\u00e3o das ess\u00eancias<\/p>\n<p>Diagn\u00f3stico dos florais<\/p>\n<p>Experi\u00eancias com a automedica\u00e7\u00e3o<\/p>\n<p>Resultados da terapia floral<\/p>\n<p>Divis\u00e3o das ess\u00eancias em sete grupos<\/p>\n<p>Medo<\/p>\n<p>Inseguran\u00e7a<\/p>\n<p>Falta de interesse no presente<\/p>\n<p>Solid\u00e3o<\/p>\n<p>Sensibilidade excessiva a opini\u00f5es alheias<\/p>\n<p>Desalento ou desespero<\/p>\n<p>Preocupa\u00e7\u00e3o excessiva com os outros<\/p>\n<p>Resumo das 38 Ess\u00eancias Florais de Bach<\/p>\n<p>Rescue Remedy \u2013 (Gotas de primeiros socorros)<\/p>\n<p>Florais aplicados a animais<\/p>\n<p>Quadro esquem\u00e1tico das Ess\u00eancias Florais<\/p>\n<p>Consulta x cliente<\/p>\n<p>Exerc\u00edcios de Florais De Bach<\/p>\n<p>Estudos de casos<\/p>\n<p>Question\u00e1rio para facilitar o diagn\u00f3stico<\/p>\n<p>Endere\u00e7os \u2013 Material de Apoio<\/p>\n<p>Aromatizadores<\/p>\n<p>Posi\u00e7\u00e3o da ANVISA \u2013 Minist\u00e9rio da Sa\u00fade do Brasil<\/p>\n<p>Posi\u00e7\u00e3o da OMS e da ANVISA sobre os Florais<\/p>\n<p>O que \u00e9 permitido ou n\u00e3o fazer<\/p>\n<p>Bibliografia<\/p>\n<h2><strong>Programa do Curso de Florais de Minas<\/strong><\/h2>\n<p>A Expans\u00e3o da consci\u00eancia traz a cura.<\/p>\n<p>Atua\u00e7\u00e3o das Ess\u00eancias Florais.<\/p>\n<p>Os Florais de Minas e sua Hist\u00f3ria<\/p>\n<p>O que s\u00e3o Ess\u00eancias Florais<\/p>\n<p>Apresenta\u00e7\u00e3o Ess\u00eancias Florais<\/p>\n<p>Prepara\u00e7\u00e3o da solu\u00e7\u00e3o de uso oral<\/p>\n<p>Uso sugerido padr\u00e3o<\/p>\n<p>Contraindica\u00e7\u00f5es para uso das Ess\u00eancias Florais<\/p>\n<p>Intera\u00e7\u00e3o dos Florais com Medicamentos<\/p>\n<p>Superdosagem<\/p>\n<p>Validade<\/p>\n<p>Informa\u00e7\u00f5es t\u00e9cnicas<\/p>\n<p>Advert\u00eancias<\/p>\n<p>Foto Kirlian de algumas Ess\u00eancias Florais de Bach<\/p>\n<p>Exame de sangue Microsc\u00f3pio de campo escuro<\/p>\n<p>Assinatura das plantas<\/p>\n<p>Minas e sua assinatura<\/p>\n<p>Exemplos de assinatura<\/p>\n<p>M\u00e9todos de feitura \u2013 Solar, Fervura e Lunar<\/p>\n<p>Divis\u00e3o dos Florais de Minas por grupos<\/p>\n<p>Pesquisa Kirlian sobre efeitos da Ess\u00eancia Floral<\/p>\n<p>Estudos sobre Florais e Bioel\u00e9trofotografia<\/p>\n<p>Estudos elaborados pelo Prof. Rodrigo Campos<\/p>\n<p>O uso de Florais nas emerg\u00eancias<\/p>\n<p>Resumo das Ess\u00eancias Florais de Minas<\/p>\n<p>9 Buques Crom\u00e1ticos:<\/p>\n<p>Algumas f\u00f3rmulas Espec\u00edficas<\/p>\n<p>Guia com F\u00f3rmulas de ess\u00eancias Florais de Minas<\/p>\n<p>Palavras Chaves \u2013 ess\u00eancias Florais de Minas<\/p>\n<p>Florais aplicados a animais<\/p>\n<p>Correspond\u00eancia entre Florais de Bach e Florais de Minas<\/p>\n<p>Estudo de casos<\/p>\n<p>Modelo Anamnese<\/p>\n<p>Modelo Ficha Recomenda\u00e7\u00e3o<\/p>\n<p>Aromatizadores<\/p>\n<p>Exemplos de Florais de Limpeza e Harmoniza\u00e7\u00e3o<\/p>\n<p>Posi\u00e7\u00e3o ANVISA e OMS<\/p>\n<p>Certificado de Curso livre de florais de Minas<\/p>\n<h2><strong>Programa do Curso de Florais de Saint Germain<\/strong><\/h2>\n<p>Aspectos filos\u00f3ficos da terapia Floral<\/p>\n<p>Verdades fundamentais para a compreens\u00e3o da Natureza da Doen\u00e7a<\/p>\n<p>O legado do Dr. Edward Bach<\/p>\n<p>A origem dos rem\u00e9dios Florais<\/p>\n<p>Uso das ess\u00eancias<\/p>\n<p>Diagn\u00f3stico dos Florais<\/p>\n<p>Propriedade Terap\u00eautica do Floral<\/p>\n<p>Preparo e uso dos Florais<\/p>\n<p>Import\u00e2ncia do autoconhecimento<\/p>\n<p>Resultado da Terapia Floral<\/p>\n<p>Florais de Saint Germain por Neide Margonari<\/p>\n<p>A Hierarquia Divina<\/p>\n<p>A Atua\u00e7\u00e3o das ess\u00eancias Florais de Saint Germain<\/p>\n<p>A elabora\u00e7\u00e3o das ess\u00eancias Florais de Saint Germain<\/p>\n<p>Estudo dos Florais de Saint Germain \u2013 M\u00f3dulo l<\/p>\n<p>Estudo dos Florais de Saint Germain \u2013 M\u00f3dulo ll<\/p>\n<p>Ess\u00eancias individuais de Saint Germain<\/p>\n<p>Repert\u00f3rio de F\u00f3rmulas<\/p>\n<p>F\u00f3rmulas para animais<\/p>\n<p>Os Raios Divinos e suas atua\u00e7\u00f5es nas Ess\u00eancias<\/p>\n<p>Modelo de bloco de recomenda\u00e7\u00e3o<\/p>\n<p>Modelo Etiqueta para frasco de Floral<\/p>\n<p>Aromatizadores<\/p>\n<p>Florais de limpeza e harmoniza\u00e7\u00e3o<\/p>\n<p>Indica\u00e7\u00f5es terap\u00eauticas do uso dos florais<\/p>\n<p>No\u00e7\u00f5es dos atendimentos com os Florais (aspectos f\u00edsicos, psicol\u00f3gicos e \u00e9ticos)<\/p>\n<p>Ferramentas para detectar e indicar o uso correto dos florais, com exemplos de casos cl\u00ednicos e livros publicados sobre o assunto<\/p>\n<p>Ficha de Anamnese<\/p>\n<p>\u00c9tica e responsabilidade do terapeuta floral<\/p>\n<p>Aulas Expositivas com Exerc\u00edcios Pr\u00e1ticos para o Grupo<\/p>\n<p>Certificado de Curso livre de florais de Saint Germain<\/p>\n<div class='epvc-post-count'><span class='epvc-eye'><\/span>  <span class=\"epvc-count\"> 2.448<\/span><span class='epvc-label'> Views<\/span><\/div>","protected":false},"excerpt":{"rendered":"<p>Programa do Curso Florais de Bach Atua\u00e7\u00e3o das ess\u00eancias florais Caracter\u00edsticas da terapia floral Terapia Floral X Energia Edward Bach Terapia floral \u00e9 indicada Como \u00e9 sentido o efeito das ess\u00eancias florais Como diagnosticar os outros T\u00e9cnicas sens\u00edveis de diagn\u00f3stico Preparo e uso dos florais Verdades fundamentais Passos para superar a doen\u00e7a A prepara\u00e7\u00e3o das [&hellip;]<\/p>\n","protected":false},"author":1,"featured_media":0,"parent":229,"menu_order":0,"comment_status":"open","ping_status":"closed","template":"","meta":{"footnotes":""},"class_list":["post-11554","page","type-page","status-publish","hentry"],"amp_enabled":true,"_links":{"self":[{"href":"https:\/\/espacodosol.com\/blog\/index.php\/wp-json\/wp\/v2\/pages\/11554","targetHints":{"allow":["GET"]}}],"collection":[{"href":"https:\/\/espacodosol.com\/blog\/index.php\/wp-json\/wp\/v2\/pages"}],"about":[{"href":"https:\/\/espacodosol.com\/blog\/index.php\/wp-json\/wp\/v2\/types\/page"}],"author":[{"embeddable":true,"href":"https:\/\/espacodosol.com\/blog\/index.php\/wp-json\/wp\/v2\/users\/1"}],"replies":[{"embeddable":true,"href":"https:\/\/espacodosol.com\/blog\/index.php\/wp-json\/wp\/v2\/comments?post=11554"}],"version-history":[{"count":0,"href":"https:\/\/espacodosol.com\/blog\/index.php\/wp-json\/wp\/v2\/pages\/11554\/revisions"}],"up":[{"embeddable":true,"href":"https:\/\/espacodosol.com\/blog\/index.php\/wp-json\/wp\/v2\/pages\/229"}],"wp:attachment":[{"href":"https:\/\/espacodosol.com\/blog\/index.php\/wp-json\/wp\/v2\/media?parent=11554"}],"curies":[{"name":"wp","href":"https:\/\/api.w.org\/{rel}","templated":true}]}}