{"id":11643,"date":"2015-02-18T13:07:06","date_gmt":"2015-02-18T13:07:06","guid":{"rendered":"https:\/\/espacodosol.com\/blog\/blog\/?page_id=11643"},"modified":"2015-02-18T13:07:06","modified_gmt":"2015-02-18T13:07:06","slug":"programa-curso-reiki-usui-nivel-i","status":"publish","type":"page","link":"https:\/\/espacodosol.com\/blog\/index.php\/cursos\/programa-curso-reiki-usui-nivel-i\/","title":{"rendered":"Programa Curso Reiki Usui &#8211; N\u00edvel 1, 2, 3a"},"content":{"rendered":"<h2>Nivel 1<\/h2>\n<p>Defini\u00e7\u00e3o<\/p>\n<p>Principais Caracter\u00edsticas<\/p>\n<p>Funcionamento<\/p>\n<p>Sua Hist\u00f3ria<\/p>\n<p>Mikao Usui \u2013 O Redescobridor<\/p>\n<p>O Reiki no Ocidente \u2013 Hawayo Takata<\/p>\n<p>A Inicia\u00e7\u00e3o<\/p>\n<p>Os 21 Dias de Limpeza Energ\u00e9tica<\/p>\n<p>Linhagem<\/p>\n<p>Os N\u00edveis do Reiki<\/p>\n<p>Os Chakras<\/p>\n<p>A Aura<\/p>\n<p>Preparando o ambiente para aplica\u00e7\u00e3o<\/p>\n<p>Harmoniza\u00e7\u00e3o vibrat\u00f3ria do ambiente<\/p>\n<p>Procedimentos Recomendados para aplica\u00e7\u00e3o Reiki<\/p>\n<p>Efeitos do Tratamento<\/p>\n<p>Como Aplicar Reiki<\/p>\n<p>A utiliza\u00e7\u00e3o do s\u00edmbolo Choku Rei<\/p>\n<p>Os s\u00edmbolos do Reiki e suas formas de tra\u00e7ar<\/p>\n<p>Posi\u00e7\u00f5es de Aplica\u00e7\u00e3o<\/p>\n<p>Auto aplica\u00e7\u00e3o<\/p>\n<p>Como realizar um tratamento de Reiki<\/p>\n<p>Primeiros socorros com Reiki<\/p>\n<p>O c\u00edrculo da pr\u00e1tica<\/p>\n<p>Reiki e medita\u00e7\u00e3o<\/p>\n<p>Bibliografia<\/p>\n<p>Certificado de Curso Livre de Reiki n\u00edvel 1<\/p>\n<h2>N\u00edvel 2<\/h2>\n<p>Introdu\u00e7\u00e3o<\/p>\n<p>Os s\u00edmbolos c\u00f3smicos<\/p>\n<p>O Primeiro S\u00edmbolo C\u00f3smico \u2013 Choku Rei<\/p>\n<p>Utiliza\u00e7\u00e3o do Choku Rei<\/p>\n<p>Prote\u00e7\u00e3o dos Chakras<\/p>\n<p>Potencializando a Energia<\/p>\n<p>O Segundo S\u00edmbolo C\u00f3smico \u2013 Sei He Ki<\/p>\n<p>O Terceiro S\u00edmbolo C\u00f3smico &#8211; Hon Sha Ze Sho Nen<\/p>\n<p>Significado do tra\u00e7ado de \u201cHon Sha Ze Sho Nen\u201d<\/p>\n<p>T\u00e9cnicas de cura com o n\u00edvel 2<\/p>\n<p>Auto aplica\u00e7\u00e3o com os s\u00edmbolos<\/p>\n<p>Banho de Energia<\/p>\n<p>T\u00e9cnica do Joelho<\/p>\n<p>T\u00e9cnica do Caderno<\/p>\n<p>Ativa\u00e7\u00e3o do Caderno<\/p>\n<p>T\u00e9cnica da Caixa<\/p>\n<p>Lei do Karma<\/p>\n<p>Ativa\u00e7\u00e3o da Caixa<\/p>\n<p>Desfazendo-se da Caixa e\/ou Caderno<\/p>\n<p>T\u00e9cnica da Redu\u00e7\u00e3o<\/p>\n<p>T\u00e9cnica do Substituto<\/p>\n<p>T\u00e9cnica da Foto<\/p>\n<p>T\u00e9cnica do Dedo<\/p>\n<p>T\u00e9cnica da Ponte de Luz<\/p>\n<p>T\u00e9cnica da Cura do Cora\u00e7\u00e3o<\/p>\n<p>Respira\u00e7\u00e3o dos Chakras<\/p>\n<p>T\u00e9cnica Especial de Cura<\/p>\n<p>Exemplos de Afirma\u00e7\u00f5es<\/p>\n<p>Relaxamento e Reiki<\/p>\n<p>T\u00e9cnica de Limpeza e Energiza\u00e7\u00e3o<\/p>\n<p>Programa\u00e7\u00f5es especiais<\/p>\n<p>Programando o Travesseiro<\/p>\n<p>Programando um Livro<\/p>\n<p>Limpeza e Programa\u00e7\u00e3o de Cristais<\/p>\n<p>Prote\u00e7\u00e3o do Carro ou Casa<\/p>\n<p>T\u00e9cnica de Licen\u00e7a e Prote\u00e7\u00e3o<\/p>\n<p>Programando um Tratamento<\/p>\n<p>Medita\u00e7\u00e3o com os S\u00edmbolos<\/p>\n<p>A Confian\u00e7a<\/p>\n<p>Inicia\u00e7\u00e3o do Reiki n\u00edvel 2<\/p>\n<p>Anexos<\/p>\n<p>Bibliografia e Sugest\u00e3o de Livros de Reiki<\/p>\n<p>Certificado de Curso Livre de Reiki n\u00edvel 2<\/p>\n<div class='epvc-post-count'><span class='epvc-eye'><\/span>  <span class=\"epvc-count\"> 2.080<\/span><span class='epvc-label'> Views<\/span><\/div>","protected":false},"excerpt":{"rendered":"<p>Nivel 1 Defini\u00e7\u00e3o Principais Caracter\u00edsticas Funcionamento Sua Hist\u00f3ria Mikao Usui \u2013 O Redescobridor O Reiki no Ocidente \u2013 Hawayo Takata A Inicia\u00e7\u00e3o Os 21 Dias de Limpeza Energ\u00e9tica Linhagem Os N\u00edveis do Reiki Os Chakras A Aura Preparando o ambiente para aplica\u00e7\u00e3o Harmoniza\u00e7\u00e3o vibrat\u00f3ria do ambiente Procedimentos Recomendados para aplica\u00e7\u00e3o Reiki Efeitos do Tratamento Como [&hellip;]<\/p>\n","protected":false},"author":1,"featured_media":0,"parent":10739,"menu_order":0,"comment_status":"open","ping_status":"open","template":"","meta":{"footnotes":""},"class_list":["post-11643","page","type-page","status-publish","hentry"],"amp_enabled":true,"_links":{"self":[{"href":"https:\/\/espacodosol.com\/blog\/index.php\/wp-json\/wp\/v2\/pages\/11643","targetHints":{"allow":["GET"]}}],"collection":[{"href":"https:\/\/espacodosol.com\/blog\/index.php\/wp-json\/wp\/v2\/pages"}],"about":[{"href":"https:\/\/espacodosol.com\/blog\/index.php\/wp-json\/wp\/v2\/types\/page"}],"author":[{"embeddable":true,"href":"https:\/\/espacodosol.com\/blog\/index.php\/wp-json\/wp\/v2\/users\/1"}],"replies":[{"embeddable":true,"href":"https:\/\/espacodosol.com\/blog\/index.php\/wp-json\/wp\/v2\/comments?post=11643"}],"version-history":[{"count":0,"href":"https:\/\/espacodosol.com\/blog\/index.php\/wp-json\/wp\/v2\/pages\/11643\/revisions"}],"up":[{"embeddable":true,"href":"https:\/\/espacodosol.com\/blog\/index.php\/wp-json\/wp\/v2\/pages\/10739"}],"wp:attachment":[{"href":"https:\/\/espacodosol.com\/blog\/index.php\/wp-json\/wp\/v2\/media?parent=11643"}],"curies":[{"name":"wp","href":"https:\/\/api.w.org\/{rel}","templated":true}]}}