{"id":11647,"date":"2015-02-18T13:22:34","date_gmt":"2015-02-18T13:22:34","guid":{"rendered":"https:\/\/espacodosol.com\/blog\/blog\/?page_id=11647"},"modified":"2015-02-18T13:22:34","modified_gmt":"2015-02-18T13:22:34","slug":"reiki-usui-tibetano-e-kahuna-nivel-i","status":"publish","type":"page","link":"https:\/\/espacodosol.com\/blog\/index.php\/reiki-usui-tibetano-e-kahuna-nivel-i\/","title":{"rendered":"Reiki"},"content":{"rendered":"<table style=\"height: 506px\" width=\"667\">\n<tbody>\n<tr>\n<td><img loading=\"lazy\" decoding=\"async\" class=\"alignleft  wp-image-11648\" src=\"https:\/\/espacodosol.com\/blog\/blog\/wp-content\/uploads\/2015\/02\/Animated-Reiki.gif\" alt=\"Animated Reiki\" width=\"663\" height=\"503\" \/><\/td>\n<\/tr>\n<\/tbody>\n<\/table>\n<h2>Reiki Usui, Tibetano e Kahuna &#8211; N\u00edvel I<\/h2>\n<p>A arte de colocar as m\u00e3os num corpo humano ou animal para confortar e diminuir dores \u00e9 um velho instinto humano; quando sentimos dores a primeira coisa que fazemos \u00e9 colocar instintivamente as m\u00e3os sobre a \u00e1rea que est\u00e1 doendo.<\/p>\n<p>O toque humano distribui calor, serenidade e cura. Quando um animal lambe uma ferida est\u00e1 agindo com os mesmos instintos que o ser humano ao colocar as m\u00e3os.<\/p>\n<h2>Caracter\u00edsticas do Reiki<\/h2>\n<ul>\n<li><strong>Disponibilidade<\/strong> &#8211; O REIKI esta dispon\u00edvel a tantos quantos queiram utiliz\u00e1-lo;<\/li>\n<li><strong>Simplicidade<\/strong> &#8211; Sua t\u00e9cnica \u00e9 simples como o s\u00e3o todas as coisas verdadeiras e cada um de seus n\u00edveis pode ser passado em apenas algumas horas;<\/li>\n<li><strong>Durabilidade<\/strong> &#8211; Basta uma inicia\u00e7\u00e3o ou sintoniza\u00e7\u00e3o e estar\u00e1 dispon\u00edvel ao novo Reikiano pelo resto de sua vida;<\/li>\n<li><strong>Universalidade e Atemporalidade <\/strong>&#8211; Pode ser aplicado no local ou a dist\u00e2ncia, no passado ou no futuro, possibilitando a atua\u00e7\u00e3o direta do Reikiano no Planeta, no Pais, sem fronteiras, indo para onde e para a \u00e9poca em que for enviado;<\/li>\n<li><strong>Energiza\u00e7\u00e3o<\/strong> &#8211; O REIKI n\u00e3o desgasta energeticamente o praticante, pois se utiliza da energia c\u00f3smica &#8211; REI e n\u00e3o da individual KI. Portanto o Reiki, quanto mais usado, mais energiza o Reikiano;<\/li>\n<li><strong>Equil\u00edbrio e Desbloqueio <\/strong>&#8211; Equilibra energeticamente os CHAKRAS, bem como remove bloqueios dos canais de circula\u00e7\u00e3o de energia;<\/li>\n<li><strong>Sa\u00fade <\/strong>&#8211; Promove o retorno ao estado original de sa\u00fade f\u00edsica, emocional, existencial a espiritual;<\/li>\n<li><strong>Diversidade<\/strong> &#8211; Pode ser aplicado nos reinos Animal, Vegetal, Mineral a Espiritual;<\/li>\n<li>O Reiki \u00e9 um dos m\u00e9todos mais simples e eficazes para dissolver bloqueios energ\u00e9ticos, permitindo reequilibrar a energia do nosso corpo, mente e esp\u00edrito, criando um estado de harmonia (Sa\u00fade).<\/li>\n<li>Alivia dores f\u00edsicas<\/li>\n<li>Reduz o stress e a ansiedade. Resolve problemas de ins\u00f3nia. Fortalece o sistema imunol\u00f3gico. Trata as causas das doen\u00e7as. Acelera a recupera\u00e7\u00e3o da sa\u00fade. Atua em estados depressivos. Promove a autoestima.<\/li>\n<li>Ben\u00e9fico antes e depois de interven\u00e7\u00f5es cir\u00fargicas. Ajuda a eliminar v\u00edcios como o tabaco.<\/li>\n<li>Restaura a sa\u00fade f\u00edsica, ps\u00edquica e emocional. Desenvolve a criatividade.<\/li>\n<li>Liberta traumas emocionais do presente e do passado. Expande a consci\u00eancia.<\/li>\n<li>Desenvolve a intui\u00e7\u00e3o.<\/li>\n<li>Ajuda o crescimento espiritual. Equilibra todo o ser.<\/li>\n<li>Refor\u00e7a a aura.<\/li>\n<li>Purifica e harmoniza os chakras. Contribui para curar o nosso planeta.<\/li>\n<li>Atua sobre Depress\u00e3o<\/li>\n<\/ul>\n<div class='epvc-post-count'><span class='epvc-eye'><\/span>  <span class=\"epvc-count\"> 2.067<\/span><span class='epvc-label'> Views<\/span><\/div>","protected":false},"excerpt":{"rendered":"<p>Reiki Usui, Tibetano e Kahuna &#8211; N\u00edvel I A arte de colocar as m\u00e3os num corpo humano ou animal para confortar e diminuir dores \u00e9 um velho instinto humano; quando sentimos dores a primeira coisa que fazemos \u00e9 colocar instintivamente as m\u00e3os sobre a \u00e1rea que est\u00e1 doendo. O toque humano distribui calor, serenidade e [&hellip;]<\/p>\n","protected":false},"author":1,"featured_media":0,"parent":0,"menu_order":0,"comment_status":"open","ping_status":"open","template":"","meta":{"footnotes":""},"class_list":["post-11647","page","type-page","status-publish","hentry"],"amp_enabled":true,"_links":{"self":[{"href":"https:\/\/espacodosol.com\/blog\/index.php\/wp-json\/wp\/v2\/pages\/11647","targetHints":{"allow":["GET"]}}],"collection":[{"href":"https:\/\/espacodosol.com\/blog\/index.php\/wp-json\/wp\/v2\/pages"}],"about":[{"href":"https:\/\/espacodosol.com\/blog\/index.php\/wp-json\/wp\/v2\/types\/page"}],"author":[{"embeddable":true,"href":"https:\/\/espacodosol.com\/blog\/index.php\/wp-json\/wp\/v2\/users\/1"}],"replies":[{"embeddable":true,"href":"https:\/\/espacodosol.com\/blog\/index.php\/wp-json\/wp\/v2\/comments?post=11647"}],"version-history":[{"count":0,"href":"https:\/\/espacodosol.com\/blog\/index.php\/wp-json\/wp\/v2\/pages\/11647\/revisions"}],"wp:attachment":[{"href":"https:\/\/espacodosol.com\/blog\/index.php\/wp-json\/wp\/v2\/media?parent=11647"}],"curies":[{"name":"wp","href":"https:\/\/api.w.org\/{rel}","templated":true}]}}