{"id":12046,"date":"2015-05-01T04:16:34","date_gmt":"2015-05-01T04:16:34","guid":{"rendered":"https:\/\/espacodosol.com\/blog\/blog\/?page_id=12046"},"modified":"2015-05-01T04:16:34","modified_gmt":"2015-05-01T04:16:34","slug":"curso-livre-de-radionica","status":"publish","type":"page","link":"https:\/\/espacodosol.com\/blog\/index.php\/cursos\/curso-livre-de-radionica\/","title":{"rendered":"Curso livre de Radi\u00f4nica"},"content":{"rendered":"<ul>\n<li>O significado da radi\u00f4nica<\/li>\n<li>Utiliza\u00e7\u00e3o de testemunhos, objetivos e rem\u00e9dios radi\u00f4nicos<\/li>\n<li>Defini\u00e7\u00e3o tempos<\/li>\n<li>Albert Abrams<\/li>\n<li>Emiss\u00e3o energ\u00e9tica gr\u00e1ficos<\/li>\n<li>Dimens\u00f5es dos gr\u00e1ficos e materiais utilizados<\/li>\n<li>Preparando a mente para trabalhar com a radi\u00f4nica<\/li>\n<li>Exerc\u00edcios para preparar a mente.<\/li>\n<li>Exerc\u00edcios de concentra\u00e7\u00e3o<\/li>\n<li>Mantras<\/li>\n<li>Observa\u00e7\u00f5es para um bom trabalho radi\u00f4nico<\/li>\n<li>O que s\u00e3o gr\u00e1ficos<\/li>\n<li>A terapia utilizando pir\u00e2mides<\/li>\n<li>Energiza\u00e7\u00e3o dos alimentos com a pir\u00e2mide<\/li>\n<li>A pir\u00e2mide e a cromoterapia<\/li>\n<li>Utiliza\u00e7\u00e3o das cores na terapia piramidal<\/li>\n<li>Alinhamento da pir\u00e2mide<\/li>\n<li>Estudo da mesa radi\u00f4nica e seus gr\u00e1ficos<\/li>\n<li>Utiliza\u00e7\u00e3o rel\u00f3gio radiest\u00e9sico<\/li>\n<li>Estudo individual de cada gr\u00e1fico \u2013 31 gr\u00e1ficos<\/li>\n<li>Defini\u00e7\u00e3o e utiliza\u00e7\u00e3o gr\u00e1ficos<\/li>\n<li>Como criar objetivos e ativ\u00e1-los<\/li>\n<li>Utiliza\u00e7\u00e3o dos gr\u00e1ficos fora da mesa radi\u00f4nica<\/li>\n<li>Bi\u00f4metro de Bovis<\/li>\n<li>Gr\u00e1ficos e tempo de ativa\u00e7\u00e3o<\/li>\n<li>Geobiologia e ondas de forma<\/li>\n<li>G\u00e1s Rad\u00f4nio<\/li>\n<li>Redes Tel\u00faricas \u2013 Hartmann e Curry e Raios Peyr\u00e9<\/li>\n<li>Doen\u00e7as causadas pelas redes<\/li>\n<li>Desequil\u00edbrio i\u00f4nico<\/li>\n<li>Radioatividade terrestre<\/li>\n<li>Retorno de energias<\/li>\n<li>Ondas de eletromagnetismo<\/li>\n<li>Radioatividade na vida cotidiana<\/li>\n<li>10 dicas de Geobiologia para Sa\u00fade do lar<\/li>\n<li>Teste de contamina\u00e7\u00e3o eletromagn\u00e9tica<\/li>\n<li>Bibliografia<\/li>\n<li>Certificado de Curso Livre de Radi\u00f4nica<\/li>\n<\/ul>\n<div class='epvc-post-count'><span class='epvc-eye'><\/span>  <span class=\"epvc-count\"> 2.104<\/span><span class='epvc-label'> Views<\/span><\/div>","protected":false},"excerpt":{"rendered":"<p>O significado da radi\u00f4nica Utiliza\u00e7\u00e3o de testemunhos, objetivos e rem\u00e9dios radi\u00f4nicos Defini\u00e7\u00e3o tempos Albert Abrams Emiss\u00e3o energ\u00e9tica gr\u00e1ficos Dimens\u00f5es dos gr\u00e1ficos e materiais utilizados Preparando a mente para trabalhar com a radi\u00f4nica Exerc\u00edcios para preparar a mente. Exerc\u00edcios de concentra\u00e7\u00e3o Mantras Observa\u00e7\u00f5es para um bom trabalho radi\u00f4nico O que s\u00e3o gr\u00e1ficos A terapia utilizando pir\u00e2mides [&hellip;]<\/p>\n","protected":false},"author":1,"featured_media":0,"parent":10739,"menu_order":0,"comment_status":"open","ping_status":"open","template":"","meta":{"footnotes":""},"class_list":["post-12046","page","type-page","status-publish","hentry"],"amp_enabled":true,"_links":{"self":[{"href":"https:\/\/espacodosol.com\/blog\/index.php\/wp-json\/wp\/v2\/pages\/12046","targetHints":{"allow":["GET"]}}],"collection":[{"href":"https:\/\/espacodosol.com\/blog\/index.php\/wp-json\/wp\/v2\/pages"}],"about":[{"href":"https:\/\/espacodosol.com\/blog\/index.php\/wp-json\/wp\/v2\/types\/page"}],"author":[{"embeddable":true,"href":"https:\/\/espacodosol.com\/blog\/index.php\/wp-json\/wp\/v2\/users\/1"}],"replies":[{"embeddable":true,"href":"https:\/\/espacodosol.com\/blog\/index.php\/wp-json\/wp\/v2\/comments?post=12046"}],"version-history":[{"count":0,"href":"https:\/\/espacodosol.com\/blog\/index.php\/wp-json\/wp\/v2\/pages\/12046\/revisions"}],"up":[{"embeddable":true,"href":"https:\/\/espacodosol.com\/blog\/index.php\/wp-json\/wp\/v2\/pages\/10739"}],"wp:attachment":[{"href":"https:\/\/espacodosol.com\/blog\/index.php\/wp-json\/wp\/v2\/media?parent=12046"}],"curies":[{"name":"wp","href":"https:\/\/api.w.org\/{rel}","templated":true}]}}